{"id":172,"date":"2024-01-06T20:33:50","date_gmt":"2024-01-06T19:33:50","guid":{"rendered":"https:\/\/opentkd.org\/?page_id=172"},"modified":"2024-01-06T22:07:02","modified_gmt":"2024-01-06T21:07:02","slug":"geschichte","status":"publish","type":"page","link":"https:\/\/opentkd.org\/?page_id=172","title":{"rendered":"Historie"},"content":{"rendered":"<div id=\"pl-gb172-69f9ee5025361\"  class=\"panel-layout\" ><div id=\"pg-gb172-69f9ee5025361-0\"  class=\"panel-grid panel-no-style\" ><div id=\"pgc-gb172-69f9ee5025361-0-0\"  class=\"panel-grid-cell\" ><div id=\"panel-gb172-69f9ee5025361-0-0-0\" class=\"so-panel widget widget_sow-headline panel-first-child panel-last-child\" data-index=\"0\" ><div class=\"panel-widget-style panel-widget-style-for-gb172-69f9ee5025361-0-0-0\" ><div\n\t\t\t\n\t\t\tclass=\"so-widget-sow-headline so-widget-sow-headline-default-2c3184e0a37b-172 so-widget-fittext-wrapper\"\n\t\t\t data-fit-text-compressor=\"0.85\"\n\t\t><div class=\"sow-headline-container \">\n\t\t\t\t\t\t\t<h3 class=\"sow-headline\">\n\t\t\t\t\t\tDie Wurzeln\t\t\t\t\t\t<\/h3>\n\t\t\t\t\t\t\t\t\t\t\t\t<p class=\"sow-sub-headline\">\n\t\t\t\t\t\tEinfluss des Kung Fu: Taekwondo hat seine Wurzeln in verschiedenen Kampfk\u00fcnsten, einschlie\u00dflich des Kung Fu. Viele Stellungen, Techniken und Formen des Taekwondo haben sich aus dem chinesischen Kampfkunstformen entwickelt. Taekwondo nutzt auch traditionelle chinesische Waffen wie Schwerter und St\u00e4be und integriert chinesische Kampfkunstphilosophie und spirituelle Aspekte\u200b\u200b.  Diese Zeitachse bietet einen detaillierten \u00dcberblick \u00fcber die Entwicklung des Taekwondo und hebt die bedeutende Rolle von General Choi Hong Hi als Gr\u00fcnder und Verbreiter dieser Kampfkunst hervor.\t\t\t\t\t\t<\/p>\n\t\t\t\t\t\t<\/div>\n<\/div><\/div><\/div><\/div><\/div><div id=\"pg-gb172-69f9ee5025361-1\"  class=\"panel-grid panel-has-style\" ><div class=\"panel-row-style panel-row-style-for-gb172-69f9ee5025361-1\" ><div id=\"pgc-gb172-69f9ee5025361-1-0\"  class=\"panel-grid-cell\" ><div id=\"panel-gb172-69f9ee5025361-1-0-0\" class=\"so-panel widget widget_sow-headline panel-first-child panel-last-child\" data-index=\"1\" ><div class=\"panel-widget-style panel-widget-style-for-gb172-69f9ee5025361-1-0-0\" ><div\n\t\t\t\n\t\t\tclass=\"so-widget-sow-headline so-widget-sow-headline-default-2c3184e0a37b-172 so-widget-fittext-wrapper\"\n\t\t\t data-fit-text-compressor=\"0.85\"\n\t\t><div class=\"sow-headline-container \">\n\t\t\t\t\t\t\t<h3 class=\"sow-headline\">\n\t\t\t\t\t\t0-600: Die Anf\u00e4nge\t\t\t\t\t\t<\/h3>\n\t\t\t\t\t\t\t\t\t\t\t\t<p class=\"sow-sub-headline\">\n\t\t\t\t\t\tDrei K\u00f6nigreiche regieren Korea: Silla, Baekje, Goguryeo. Entstehung der ersten Selbstverteidigungspraktiken. Gr\u00fcndung des Hwarang-Do in Silla. Fr\u00fcheste Beweise f\u00fcr Taekwondo vor \u00fcber 2000 Jahren\u200b\u200b\u200b\u200b.\t\t\t\t\t\t<\/p>\n\t\t\t\t\t\t<\/div>\n<\/div><\/div><\/div><\/div><div id=\"pgc-gb172-69f9ee5025361-1-1\"  class=\"panel-grid-cell\" ><div id=\"panel-gb172-69f9ee5025361-1-1-0\" class=\"so-panel widget widget_sow-headline panel-first-child panel-last-child\" data-index=\"2\" ><div class=\"panel-widget-style panel-widget-style-for-gb172-69f9ee5025361-1-1-0\" ><div\n\t\t\t\n\t\t\tclass=\"so-widget-sow-headline so-widget-sow-headline-default-2c3184e0a37b-172 so-widget-fittext-wrapper\"\n\t\t\t data-fit-text-compressor=\"0.85\"\n\t\t><div class=\"sow-headline-container \">\n\t\t\t\t\t\t\t<h3 class=\"sow-headline\">\n\t\t\t\t\t\t600-1400: Hochzeit des Subak\t\t\t\t\t\t<\/h3>\n\t\t\t\t\t\t\t\t\t\t\t\t<p class=\"sow-sub-headline\">\n\t\t\t\t\t\tSubak dominiert als Hauptkampfkunst, entwickelt sich um 1300 weiter in Taekkyon\u200b\u200b. Buddhistische M\u00f6nche unterrichten Hwarang-Krieger in Silla, bringen spirituelle Lehren und Kampfkunsttraining ein\u200b\u200b. Taekkyon wird in Korea bis 1909 praktiziert\u200b\u200b.\t\t\t\t\t\t<\/p>\n\t\t\t\t\t\t<\/div>\n<\/div><\/div><\/div><\/div><div id=\"pgc-gb172-69f9ee5025361-1-2\"  class=\"panel-grid-cell\" ><div id=\"panel-gb172-69f9ee5025361-1-2-0\" class=\"so-panel widget widget_sow-headline panel-first-child panel-last-child\" data-index=\"3\" ><div class=\"panel-widget-style panel-widget-style-for-gb172-69f9ee5025361-1-2-0\" ><div\n\t\t\t\n\t\t\tclass=\"so-widget-sow-headline so-widget-sow-headline-default-2c3184e0a37b-172 so-widget-fittext-wrapper\"\n\t\t\t data-fit-text-compressor=\"0.85\"\n\t\t><div class=\"sow-headline-container \">\n\t\t\t\t\t\t\t<h3 class=\"sow-headline\">\n\t\t\t\t\t\t1392 bis 1897: Joseon-Dynastie\t\t\t\t\t\t<\/h3>\n\t\t\t\t\t\t\t\t\t\t\t\t<p class=\"sow-sub-headline\">\n\t\t\t\t\t\tTaekkyon wird unter der Oberschicht weniger popul\u00e4r, aber unter den unteren Klassen als Wettkampfsport und Kampfkunst weiterentwickelt\u200b\u200b.\t\t\t\t\t\t<\/p>\n\t\t\t\t\t\t<\/div>\n<\/div><\/div><\/div><\/div><\/div><\/div><div id=\"pg-gb172-69f9ee5025361-2\"  class=\"panel-grid panel-has-style\" ><div class=\"panel-row-style panel-row-style-for-gb172-69f9ee5025361-2\" ><div id=\"pgc-gb172-69f9ee5025361-2-0\"  class=\"panel-grid-cell\" ><div id=\"panel-gb172-69f9ee5025361-2-0-0\" class=\"so-panel widget widget_sow-headline panel-first-child panel-last-child\" data-index=\"4\" ><div class=\"panel-widget-style panel-widget-style-for-gb172-69f9ee5025361-2-0-0\" ><div\n\t\t\t\n\t\t\tclass=\"so-widget-sow-headline so-widget-sow-headline-default-2c3184e0a37b-172 so-widget-fittext-wrapper\"\n\t\t\t data-fit-text-compressor=\"0.85\"\n\t\t><div class=\"sow-headline-container \">\n\t\t\t\t\t\t\t<h3 class=\"sow-headline\">\n\t\t\t\t\t\t1909 bis 1945: Bedeutsame Kriegszeiten\t\t\t\t\t\t<\/h3>\n\t\t\t\t\t\t\t\t\t\t\t\t<p class=\"sow-sub-headline\">\n\t\t\t\t\t\tJapanische Besatzung Koreas, Verbot aller koreanischen Kampfk\u00fcnste einschlie\u00dflich Subak und Taekkyon\u200b\u200b.\t\t\t\t\t\t<\/p>\n\t\t\t\t\t\t<\/div>\n<\/div><\/div><\/div><\/div><div id=\"pgc-gb172-69f9ee5025361-2-1\"  class=\"panel-grid-cell\" ><div id=\"panel-gb172-69f9ee5025361-2-1-0\" class=\"so-panel widget widget_sow-headline panel-first-child panel-last-child\" data-index=\"5\" ><div class=\"panel-widget-style panel-widget-style-for-gb172-69f9ee5025361-2-1-0\" ><div\n\t\t\t\n\t\t\tclass=\"so-widget-sow-headline so-widget-sow-headline-default-2c3184e0a37b-172 so-widget-fittext-wrapper\"\n\t\t\t data-fit-text-compressor=\"0.85\"\n\t\t><div class=\"sow-headline-container \">\n\t\t\t\t\t\t\t<h3 class=\"sow-headline\">\n\t\t\t\t\t\t1945 bis 1955: Unabh\u00e4ngigkeit Koreas\t\t\t\t\t\t<\/h3>\n\t\t\t\t\t\t\t\t\t\t\t\t<p class=\"sow-sub-headline\">\n\t\t\t\t\t\tKorea erlangt Unabh\u00e4ngigkeit, allm\u00e4hliche Wiedereinf\u00fchrung koreanischer Kampfk\u00fcnste. General Choi Hong Hi beginnt mit der Entwicklung von Taekwondo, indem er Elemente aus Taekkyon, Karate und anderen Kampfk\u00fcnsten kombiniert\u200b\u200b\u200b\u200b.\t\t\t\t\t\t<\/p>\n\t\t\t\t\t\t<\/div>\n<\/div><\/div><\/div><\/div><div id=\"pgc-gb172-69f9ee5025361-2-2\"  class=\"panel-grid-cell\" ><div id=\"panel-gb172-69f9ee5025361-2-2-0\" class=\"so-panel widget widget_sow-headline panel-first-child panel-last-child\" data-index=\"6\" ><div class=\"panel-widget-style panel-widget-style-for-gb172-69f9ee5025361-2-2-0\" ><div\n\t\t\t\n\t\t\tclass=\"so-widget-sow-headline so-widget-sow-headline-default-2c3184e0a37b-172 so-widget-fittext-wrapper\"\n\t\t\t data-fit-text-compressor=\"0.85\"\n\t\t><div class=\"sow-headline-container \">\n\t\t\t\t\t\t\t<h3 class=\"sow-headline\">\n\t\t\t\t\t\t1955: Geburtsstunde des Taekwon-Do\t\t\t\t\t\t<\/h3>\n\t\t\t\t\t\t\t\t\t\t\t\t<p class=\"sow-sub-headline\">\n\t\t\t\t\t\tOffizielle Benennung des Taekwondo und Beginn seiner Verbreitung\u200b\u200b\u200b\u200b.\t\t\t\t\t\t<\/p>\n\t\t\t\t\t\t<\/div>\n<\/div><\/div><\/div><\/div><\/div><\/div><div id=\"pg-gb172-69f9ee5025361-3\"  class=\"panel-grid panel-has-style\" ><div class=\"panel-row-style panel-row-style-for-gb172-69f9ee5025361-3\" ><div id=\"pgc-gb172-69f9ee5025361-3-0\"  class=\"panel-grid-cell\" ><div id=\"panel-gb172-69f9ee5025361-3-0-0\" class=\"so-panel widget widget_sow-headline panel-first-child panel-last-child\" data-index=\"7\" ><div class=\"panel-widget-style panel-widget-style-for-gb172-69f9ee5025361-3-0-0\" ><div\n\t\t\t\n\t\t\tclass=\"so-widget-sow-headline so-widget-sow-headline-default-2c3184e0a37b-172 so-widget-fittext-wrapper\"\n\t\t\t data-fit-text-compressor=\"0.85\"\n\t\t><div class=\"sow-headline-container \">\n\t\t\t\t\t\t\t<h3 class=\"sow-headline\">\n\t\t\t\t\t\tBis 1961: Schaffung von Graduierungssystemen\t\t\t\t\t\t<\/h3>\n\t\t\t\t\t\t\t\t\t\t\t\t<p class=\"sow-sub-headline\">\n\t\t\t\t\t\tEinf\u00fchrung des Graduierungssystems Dan Gup Jedo und Erstellung von Taekwondo-Wettkampfregeln.\t\t\t\t\t\t<\/p>\n\t\t\t\t\t\t<\/div>\n<\/div><\/div><\/div><\/div><div id=\"pgc-gb172-69f9ee5025361-3-1\"  class=\"panel-grid-cell\" ><div id=\"panel-gb172-69f9ee5025361-3-1-0\" class=\"so-panel widget widget_sow-headline panel-first-child panel-last-child\" data-index=\"8\" ><div class=\"panel-widget-style panel-widget-style-for-gb172-69f9ee5025361-3-1-0\" ><div\n\t\t\t\n\t\t\tclass=\"so-widget-sow-headline so-widget-sow-headline-default-2c3184e0a37b-172 so-widget-fittext-wrapper\"\n\t\t\t data-fit-text-compressor=\"0.85\"\n\t\t><div class=\"sow-headline-container \">\n\t\t\t\t\t\t\t<h3 class=\"sow-headline\">\n\t\t\t\t\t\t1965: Nationalsport und Beginn der Verbreitung\t\t\t\t\t\t<\/h3>\n\t\t\t\t\t\t\t\t\t\t\t\t<p class=\"sow-sub-headline\">\n\t\t\t\t\t\tTaekwondo wird zum Nationalsport in S\u00fcdkorea erkl\u00e4rt. Verbreitung des Taekwondo weltweit durch hochrangige Meister\u200b\u200b.\t\t\t\t\t\t<\/p>\n\t\t\t\t\t\t<\/div>\n<\/div><\/div><\/div><\/div><div id=\"pgc-gb172-69f9ee5025361-3-2\"  class=\"panel-grid-cell\" ><div id=\"panel-gb172-69f9ee5025361-3-2-0\" class=\"so-panel widget widget_sow-headline panel-first-child panel-last-child\" data-index=\"9\" ><div class=\"panel-widget-style panel-widget-style-for-gb172-69f9ee5025361-3-2-0\" ><div\n\t\t\t\n\t\t\tclass=\"so-widget-sow-headline so-widget-sow-headline-default-2c3184e0a37b-172 so-widget-fittext-wrapper\"\n\t\t\t data-fit-text-compressor=\"0.85\"\n\t\t><div class=\"sow-headline-container \">\n\t\t\t\t\t\t\t<h3 class=\"sow-headline\">\n\t\t\t\t\t\t1966: ITF wird gegr\u00fcndet\t\t\t\t\t\t<\/h3>\n\t\t\t\t\t\t\t\t\t\t\t\t<p class=\"sow-sub-headline\">\n\t\t\t\t\t\tGr\u00fcndung der International Taekwondo Federation durch General Choi Hong Hi\u200b\u200b.\t\t\t\t\t\t<\/p>\n\t\t\t\t\t\t<\/div>\n<\/div><\/div><\/div><\/div><\/div><\/div><div id=\"pg-gb172-69f9ee5025361-4\"  class=\"panel-grid panel-has-style\" ><div class=\"panel-row-style panel-row-style-for-gb172-69f9ee5025361-4\" ><div id=\"pgc-gb172-69f9ee5025361-4-0\"  class=\"panel-grid-cell\" ><div id=\"panel-gb172-69f9ee5025361-4-0-0\" class=\"so-panel widget widget_sow-headline panel-first-child panel-last-child\" data-index=\"10\" ><div class=\"panel-widget-style panel-widget-style-for-gb172-69f9ee5025361-4-0-0\" ><div\n\t\t\t\n\t\t\tclass=\"so-widget-sow-headline so-widget-sow-headline-default-2c3184e0a37b-172 so-widget-fittext-wrapper\"\n\t\t\t data-fit-text-compressor=\"0.85\"\n\t\t><div class=\"sow-headline-container \">\n\t\t\t\t\t\t\t<h3 class=\"sow-headline\">\n\t\t\t\t\t\t1971: R\u00fcckzug des Generals\t\t\t\t\t\t<\/h3>\n\t\t\t\t\t\t\t\t\t\t\t\t<p class=\"sow-sub-headline\">\n\t\t\t\t\t\tGeneral Choi zieht sich nach Kanada zur\u00fcck, setzt aber die weltweite Verbreitung von Taekwondo fort, auch in Nordkorea\u200b\u200b.\t\t\t\t\t\t<\/p>\n\t\t\t\t\t\t<\/div>\n<\/div><\/div><\/div><\/div><div id=\"pgc-gb172-69f9ee5025361-4-1\"  class=\"panel-grid-cell\" ><div id=\"panel-gb172-69f9ee5025361-4-1-0\" class=\"so-panel widget widget_sow-headline panel-first-child panel-last-child\" data-index=\"11\" ><div class=\"panel-widget-style panel-widget-style-for-gb172-69f9ee5025361-4-1-0\" ><div\n\t\t\t\n\t\t\tclass=\"so-widget-sow-headline so-widget-sow-headline-default-2c3184e0a37b-172 so-widget-fittext-wrapper\"\n\t\t\t data-fit-text-compressor=\"0.85\"\n\t\t><div class=\"sow-headline-container \">\n\t\t\t\t\t\t\t<h3 class=\"sow-headline\">\n\t\t\t\t\t\t2000: Die Jahrhundertwende\t\t\t\t\t\t<\/h3>\n\t\t\t\t\t\t\t\t\t\t\t\t<p class=\"sow-sub-headline\">\n\t\t\t\t\t\tTaekwondo wird olympische Disziplin\u200b\u200b. General Choi wird als einflussreichster Kampfk\u00fcnstler des Jahrhunderts geehrt.\t\t\t\t\t\t<\/p>\n\t\t\t\t\t\t<\/div>\n<\/div><\/div><\/div><\/div><div id=\"pgc-gb172-69f9ee5025361-4-2\"  class=\"panel-grid-cell\" ><div id=\"panel-gb172-69f9ee5025361-4-2-0\" class=\"so-panel widget widget_sow-headline panel-first-child panel-last-child\" data-index=\"12\" ><div class=\"panel-widget-style panel-widget-style-for-gb172-69f9ee5025361-4-2-0\" ><div\n\t\t\t\n\t\t\tclass=\"so-widget-sow-headline so-widget-sow-headline-default-2c3184e0a37b-172 so-widget-fittext-wrapper\"\n\t\t\t data-fit-text-compressor=\"0.85\"\n\t\t><div class=\"sow-headline-container \">\n\t\t\t\t\t\t\t<h3 class=\"sow-headline\">\n\t\t\t\t\t\t2002: Tod des Generals\t\t\t\t\t\t<\/h3>\n\t\t\t\t\t\t\t\t\t\t\t\t<p class=\"sow-sub-headline\">\n\t\t\t\t\t\tGeneral Choi stirbt an Magenkrebs in Pj\u00f6ngjang\u200b\u200b.\t\t\t\t\t\t<\/p>\n\t\t\t\t\t\t<\/div>\n<\/div><\/div><\/div><\/div><\/div><\/div><div id=\"pg-gb172-69f9ee5025361-5\"  class=\"panel-grid panel-no-style\" ><div id=\"pgc-gb172-69f9ee5025361-5-0\"  class=\"panel-grid-cell\" ><div id=\"panel-gb172-69f9ee5025361-5-0-0\" class=\"so-panel widget widget_sow-hero panel-first-child panel-last-child\" data-index=\"13\" ><div\n\t\t\t\n\t\t\tclass=\"so-widget-sow-hero so-widget-sow-hero-default-93415d0e2dbf-172 so-widget-fittext-wrapper\"\n\t\t\t data-fit-text-compressor=\"0.85\"\n\t\t>\t\t\t\t<div class=\"sow-slider-base\" style=\"display: none\" tabindex=\"0\">\n\t\t\t\t\t<ul\n\t\t\t\t\tclass=\"sow-slider-images\"\n\t\t\t\t\tdata-settings=\"{&quot;pagination&quot;:true,&quot;speed&quot;:800,&quot;timeout&quot;:8000,&quot;paused&quot;:false,&quot;pause_on_hover&quot;:false,&quot;swipe&quot;:true,&quot;nav_always_show_desktop&quot;:&quot;&quot;,&quot;nav_always_show_mobile&quot;:&quot;&quot;,&quot;breakpoint&quot;:&quot;780px&quot;,&quot;unmute&quot;:false,&quot;anchor&quot;:null}\"\n\t\t\t\t\t\t\t\t\t\tdata-anchor-id=\"\"\n\t\t\t\t>\t\t<li class=\"sow-slider-image\" style=\"visibility: visible;;background-color: #333333\" >\n\t\t\t\t\t<div class=\"sow-slider-image-container\">\n\t\t\t<div class=\"sow-slider-image-wrapper\">\n\t\t\t\t<h2>General Choi, Hong-Hi<\/h2>\n<p><img loading=\"lazy\" decoding=\"async\" class=\"alignnone size-medium wp-image-213\" src=\"https:\/\/opentkd.org\/wp-content\/uploads\/2024\/01\/20240106-220402-NK8SA-223x300.png\" alt=\"\" width=\"223\" height=\"300\" srcset=\"https:\/\/opentkd.org\/wp-content\/uploads\/2024\/01\/20240106-220402-NK8SA-223x300.png 223w, https:\/\/opentkd.org\/wp-content\/uploads\/2024\/01\/20240106-220402-NK8SA.png 362w\" sizes=\"auto, (max-width: 223px) 100vw, 223px\" \/><\/p>\n<p><strong>*09.11.1918 Hwa Dae, Kankyo-hokudo, Korea,<\/strong><br \/>\n<strong>\u202015.06.2002 Nordkorea.<\/strong><br \/>\n<strong>1937<\/strong> studierte Choi an der Universit\u00e4t von Hiroshima, Japan<br \/>\nEr stellte sich w\u00e4hrend seines Studiums gegen den Besatzer<br \/>\nKoreas, das japanische Kaiserreich, und wurde vom<br \/>\nSchulsystem ausgeschlossen. Er erlernte fr\u00fch das <span style=\"color: #ffd700\">Taekyon<\/span>,<br \/>\ndem <span style=\"color: #ffd700\">Vorg\u00e4nger des Taekwon-Do<\/span>.<\/p>\n<p><strong>1938<\/strong> wurde Choi nach Japan zur Weiterbildung entsandt und lernte dort<br \/>\nShotokan Karate, und erreichte nach 2 Jahren den 1. Meistergrad.<br \/>\n<strong>1946<\/strong>, also w\u00e4hrend des 2. Weltkrieges bildete er Karateka aus.<br \/>\nBis 1961 entwickelte Choi seine eigene Kampfkunst, das <span style=\"color: #ffd700\">Taekwon-Do<\/span><br \/>\n(<span style=\"color: #ffd700\">Namensgebung 1955<\/span>) und verbreitete es unter anderem nach S\u00fcdkorea,<br \/>\nS\u00fcdvietnam und Taiwan.<br \/>\n<strong>1966<\/strong> war er in S\u00fcdkorea an der Gr\u00fcndung der International Taekwondo<br \/>\nFederation (ITF) beteiligt.<br \/>\n1968 wurde Choi f\u00fcr seine Verdienste ausgezeichnet. Wegen Konflikten mit der<br \/>\nVerbreitung und Organisation von Taekwon-Do verlie\u00df Choi S\u00fcdkorea und zog<br \/>\nnach Kanada.<br \/>\n<strong>1972<\/strong> gr\u00fcndete Choi eine separate ITF Organisation in Nordkorea. Er kehrte<br \/>\n1992 nach Nordkorea zur\u00fcck.<\/p>\n<p>Weitere bekannte Verbreiter des Taekwon-Do und Sch\u00fcler von Choi waren<br \/>\nunter anderem <span style=\"color: #ffd700\">Park, Jong-Soo<\/span> (GB und Europa) und <span style=\"color: #ffd700\">Rhee, Chong-Chul<\/span> (1967<br \/>\nGB) sowie <span style=\"color: #ffd700\">Kim, Bok-Man<\/span> ab 1965 in Deutschland und Europa.<\/p>\n\t\t\t<\/div>\n\t\t<\/div>\n\t\t\t\t<\/li>\n\t\t<\/ul>\t\t\t\t<ol class=\"sow-slider-pagination\">\n\t\t\t\t\t\t\t\t\t\t\t<li><a href=\"#\" data-goto=\"0\" aria-label=\"Display slide 1\"><\/a><\/li>\n\t\t\t\t\t\t\t\t\t<\/ol>\n\n\t\t\t\t<div class=\"sow-slide-nav sow-slide-nav-next\">\n\t\t\t\t\t<a href=\"#\" data-goto=\"next\" aria-label=\"Next slide\" data-action=\"next\">\n\t\t\t\t\t\t<em class=\"sow-sld-icon-thin-right\"><\/em>\n\t\t\t\t\t<\/a>\n\t\t\t\t<\/div>\n\n\t\t\t\t<div class=\"sow-slide-nav sow-slide-nav-prev\">\n\t\t\t\t\t<a href=\"#\" data-goto=\"previous\" aria-label=\"Previous slide\" data-action=\"prev\">\n\t\t\t\t\t\t<em class=\"sow-sld-icon-thin-left\"><\/em>\n\t\t\t\t\t<\/a>\n\t\t\t\t<\/div>\n\t\t\t\t<\/div><\/div><\/div><\/div><\/div><div id=\"pg-gb172-69f9ee5025361-6\"  class=\"panel-grid panel-no-style\" ><div id=\"pgc-gb172-69f9ee5025361-6-0\"  class=\"panel-grid-cell\" ><div id=\"panel-gb172-69f9ee5025361-6-0-0\" class=\"so-panel widget widget_sow-hero panel-first-child panel-last-child\" data-index=\"14\" ><div\n\t\t\t\n\t\t\tclass=\"so-widget-sow-hero so-widget-sow-hero-default-93415d0e2dbf-172 so-widget-fittext-wrapper\"\n\t\t\t data-fit-text-compressor=\"0.85\"\n\t\t>\t\t\t\t<div class=\"sow-slider-base\" style=\"display: none\" tabindex=\"0\">\n\t\t\t\t\t<ul\n\t\t\t\t\tclass=\"sow-slider-images\"\n\t\t\t\t\tdata-settings=\"{&quot;pagination&quot;:true,&quot;speed&quot;:800,&quot;timeout&quot;:8000,&quot;paused&quot;:false,&quot;pause_on_hover&quot;:false,&quot;swipe&quot;:true,&quot;nav_always_show_desktop&quot;:&quot;&quot;,&quot;nav_always_show_mobile&quot;:&quot;&quot;,&quot;breakpoint&quot;:&quot;780px&quot;,&quot;unmute&quot;:false,&quot;anchor&quot;:null}\"\n\t\t\t\t\t\t\t\t\t\tdata-anchor-id=\"\"\n\t\t\t\t>\t\t<li class=\"sow-slider-image\" style=\"visibility: visible;;background-color: #333333\" >\n\t\t\t\t\t<div class=\"sow-slider-image-container\">\n\t\t\t<div class=\"sow-slider-image-wrapper\">\n\t\t\t\t<p>K\u00fcrzliche verwendete, externe Verweise<\/p>\n<p><a href=\"https:\/\/www.sportsver.com\/a-complete-history-of-taekwondo-simply-explained\/\" target=\"_blank\" rel=\"noopener\">https:\/\/www.sportsver.com\/a-complete-history-of-taekwondo-simply-explained\/\u00a0<\/a><\/p>\n<p><a href=\"https:\/\/www.fighting.net\/taekwondo\/where-does-taekwondo-come-from\/\" target=\"_blank\" rel=\"noopener\">https:\/\/www.fighting.net\/taekwondo\/where-does-taekwondo-come-from\/\u00a0<\/a><\/p>\n<p><a href=\"https:\/\/www.taekwondonation.com\/general-choi-hong-hi\/\" target=\"_blank\" rel=\"noopener\">https:\/\/www.taekwondonation.com\/general-choi-hong-hi\/\u00a0<\/a><\/p>\n\t\t\t<\/div>\n\t\t<\/div>\n\t\t\t\t<\/li>\n\t\t<\/ul>\t\t\t\t<ol class=\"sow-slider-pagination\">\n\t\t\t\t\t\t\t\t\t\t\t<li><a href=\"#\" data-goto=\"0\" aria-label=\"Display slide 1\"><\/a><\/li>\n\t\t\t\t\t\t\t\t\t<\/ol>\n\n\t\t\t\t<div class=\"sow-slide-nav sow-slide-nav-next\">\n\t\t\t\t\t<a href=\"#\" data-goto=\"next\" aria-label=\"Next slide\" data-action=\"next\">\n\t\t\t\t\t\t<em class=\"sow-sld-icon-thin-right\"><\/em>\n\t\t\t\t\t<\/a>\n\t\t\t\t<\/div>\n\n\t\t\t\t<div class=\"sow-slide-nav sow-slide-nav-prev\">\n\t\t\t\t\t<a href=\"#\" data-goto=\"previous\" aria-label=\"Previous slide\" data-action=\"prev\">\n\t\t\t\t\t\t<em class=\"sow-sld-icon-thin-left\"><\/em>\n\t\t\t\t\t<\/a>\n\t\t\t\t<\/div>\n\t\t\t\t<\/div><\/div><\/div><\/div><\/div><\/div>\n\n\n<p><\/p>\n\n\n\n<p><\/p>\n","protected":false},"excerpt":{"rendered":"","protected":false},"author":2,"featured_media":0,"parent":0,"menu_order":0,"comment_status":"closed","ping_status":"closed","template":"","meta":{"site-sidebar-layout":"default","site-content-layout":"","ast-site-content-layout":"default","site-content-style":"default","site-sidebar-style":"default","ast-global-header-display":"","ast-banner-title-visibility":"","ast-main-header-display":"","ast-hfb-above-header-display":"","ast-hfb-below-header-display":"","ast-hfb-mobile-header-display":"","site-post-title":"","ast-breadcrumbs-content":"","ast-featured-img":"","footer-sml-layout":"","ast-disable-related-posts":"","theme-transparent-header-meta":"","adv-header-id-meta":"","stick-header-meta":"","header-above-stick-meta":"","header-main-stick-meta":"","header-below-stick-meta":"","astra-migrate-meta-layouts":"default","ast-page-background-enabled":"default","ast-page-background-meta":{"desktop":{"background-color":"var(--ast-global-color-4)","background-image":"","background-repeat":"repeat","background-position":"center center","background-size":"auto","background-attachment":"scroll","background-type":"","background-media":"","overlay-type":"","overlay-color":"","overlay-opacity":"","overlay-gradient":""},"tablet":{"background-color":"","background-image":"","background-repeat":"repeat","background-position":"center center","background-size":"auto","background-attachment":"scroll","background-type":"","background-media":"","overlay-type":"","overlay-color":"","overlay-opacity":"","overlay-gradient":""},"mobile":{"background-color":"","background-image":"","background-repeat":"repeat","background-position":"center center","background-size":"auto","background-attachment":"scroll","background-type":"","background-media":"","overlay-type":"","overlay-color":"","overlay-opacity":"","overlay-gradient":""}},"ast-content-background-meta":{"desktop":{"background-color":"var(--ast-global-color-5)","background-image":"","background-repeat":"repeat","background-position":"center center","background-size":"auto","background-attachment":"scroll","background-type":"","background-media":"","overlay-type":"","overlay-color":"","overlay-opacity":"","overlay-gradient":""},"tablet":{"background-color":"var(--ast-global-color-5)","background-image":"","background-repeat":"repeat","background-position":"center center","background-size":"auto","background-attachment":"scroll","background-type":"","background-media":"","overlay-type":"","overlay-color":"","overlay-opacity":"","overlay-gradient":""},"mobile":{"background-color":"var(--ast-global-color-5)","background-image":"","background-repeat":"repeat","background-position":"center center","background-size":"auto","background-attachment":"scroll","background-type":"","background-media":"","overlay-type":"","overlay-color":"","overlay-opacity":"","overlay-gradient":""}},"footnotes":""},"class_list":["post-172","page","type-page","status-publish","hentry"],"_links":{"self":[{"href":"https:\/\/opentkd.org\/index.php?rest_route=\/wp\/v2\/pages\/172","targetHints":{"allow":["GET"]}}],"collection":[{"href":"https:\/\/opentkd.org\/index.php?rest_route=\/wp\/v2\/pages"}],"about":[{"href":"https:\/\/opentkd.org\/index.php?rest_route=\/wp\/v2\/types\/page"}],"author":[{"embeddable":true,"href":"https:\/\/opentkd.org\/index.php?rest_route=\/wp\/v2\/users\/2"}],"replies":[{"embeddable":true,"href":"https:\/\/opentkd.org\/index.php?rest_route=%2Fwp%2Fv2%2Fcomments&post=172"}],"version-history":[{"count":24,"href":"https:\/\/opentkd.org\/index.php?rest_route=\/wp\/v2\/pages\/172\/revisions"}],"predecessor-version":[{"id":214,"href":"https:\/\/opentkd.org\/index.php?rest_route=\/wp\/v2\/pages\/172\/revisions\/214"}],"wp:attachment":[{"href":"https:\/\/opentkd.org\/index.php?rest_route=%2Fwp%2Fv2%2Fmedia&parent=172"}],"curies":[{"name":"wp","href":"https:\/\/api.w.org\/{rel}","templated":true}]}}