{"id":216,"date":"2024-01-06T22:17:19","date_gmt":"2024-01-06T21:17:19","guid":{"rendered":"https:\/\/opentkd.org\/?page_id=216"},"modified":"2024-05-12T20:04:19","modified_gmt":"2024-05-12T19:04:19","slug":"guertelfarben","status":"publish","type":"page","link":"https:\/\/opentkd.org\/?page_id=216","title":{"rendered":"G\u00fcrtelfarben"},"content":{"rendered":"<div id=\"pl-gb216-69dfd7df95dd9\"  class=\"panel-layout wp-block-siteorigin-panels-layout-block\" ><div id=\"pg-gb216-69dfd7df95dd9-0\"  class=\"panel-grid panel-no-style\" ><div id=\"pgc-gb216-69dfd7df95dd9-0-0\"  class=\"panel-grid-cell\" ><div id=\"panel-gb216-69dfd7df95dd9-0-0-0\" class=\"so-panel widget widget_sow-editor panel-first-child panel-last-child\" data-index=\"0\" ><div\n\t\t\t\n\t\t\tclass=\"so-widget-sow-editor so-widget-sow-editor-base\"\n\t\t\t\n\t\t>\n<div class=\"siteorigin-widget-tinymce textwidget\">\n\t<p style=\"text-align: center;\"><strong><span class=\"OYPEnA\">Der\u00a0<\/span><span class=\"OYPEnA\">G\u00fcrtel\u00a0<\/span><span class=\"OYPEnA\">(\ub760 Tti) kennzeichnet die <\/span><span class=\"OYPEnA\">Graduierung\u00a0<\/span><span class=\"OYPEnA\">des Sch\u00fclers (Kup). <\/span><\/strong><\/p>\n<p style=\"text-align: center;\"><strong><span class=\"OYPEnA\">Er sagt nichts direkt \u00fcber das K\u00f6nnen und die Jahre getaner Arbeit aus,<br \/>\nsymbolisiert aber das Wissen und die\u00a0<\/span><span class=\"OYPEnA\">geistige Einstellung<\/span><span class=\"OYPEnA\">,<br \/>\ndie zum jeweiligen G\u00fcrtelgrad erforderlich sind.<\/span><\/strong><\/p>\n<\/div>\n<\/div><\/div><\/div><\/div><div id=\"pg-gb216-69dfd7df95dd9-1\"  class=\"panel-grid panel-has-style\" ><div class=\"siteorigin-panels-stretch panel-row-style panel-row-style-for-gb216-69dfd7df95dd9-1\" data-stretch-type=\"full\" ><div id=\"pgc-gb216-69dfd7df95dd9-1-0\"  class=\"panel-grid-cell\" ><div id=\"panel-gb216-69dfd7df95dd9-1-0-0\" class=\"so-panel widget widget_media_image panel-first-child\" data-index=\"1\" ><img loading=\"lazy\" decoding=\"async\" width=\"300\" height=\"300\" src=\"https:\/\/opentkd.org\/wp-content\/uploads\/2024\/01\/34d82735-6e86-4587-a49c-99ea34f06697-300x300.png\" class=\"image wp-image-224  attachment-medium size-medium\" alt=\"\" style=\"max-width: 100%; height: auto;\" srcset=\"https:\/\/opentkd.org\/wp-content\/uploads\/2024\/01\/34d82735-6e86-4587-a49c-99ea34f06697-300x300.png 300w, https:\/\/opentkd.org\/wp-content\/uploads\/2024\/01\/34d82735-6e86-4587-a49c-99ea34f06697-150x150.png 150w, https:\/\/opentkd.org\/wp-content\/uploads\/2024\/01\/34d82735-6e86-4587-a49c-99ea34f06697-768x768.png 768w, https:\/\/opentkd.org\/wp-content\/uploads\/2024\/01\/34d82735-6e86-4587-a49c-99ea34f06697-500x500.png 500w, https:\/\/opentkd.org\/wp-content\/uploads\/2024\/01\/34d82735-6e86-4587-a49c-99ea34f06697-375x375.png 375w, https:\/\/opentkd.org\/wp-content\/uploads\/2024\/01\/34d82735-6e86-4587-a49c-99ea34f06697.png 800w\" sizes=\"auto, (max-width: 300px) 100vw, 300px\" \/><\/div><div id=\"panel-gb216-69dfd7df95dd9-1-0-1\" class=\"so-panel widget widget_media_image\" data-index=\"2\" ><img loading=\"lazy\" decoding=\"async\" width=\"300\" height=\"300\" src=\"https:\/\/opentkd.org\/wp-content\/uploads\/2024\/01\/457e2f7c-10cf-4202-9907-289ed2f60093-300x300.png\" class=\"image wp-image-223  attachment-medium size-medium\" alt=\"\" style=\"max-width: 100%; height: auto;\" srcset=\"https:\/\/opentkd.org\/wp-content\/uploads\/2024\/01\/457e2f7c-10cf-4202-9907-289ed2f60093-300x300.png 300w, https:\/\/opentkd.org\/wp-content\/uploads\/2024\/01\/457e2f7c-10cf-4202-9907-289ed2f60093-150x150.png 150w, https:\/\/opentkd.org\/wp-content\/uploads\/2024\/01\/457e2f7c-10cf-4202-9907-289ed2f60093-768x768.png 768w, https:\/\/opentkd.org\/wp-content\/uploads\/2024\/01\/457e2f7c-10cf-4202-9907-289ed2f60093-500x500.png 500w, https:\/\/opentkd.org\/wp-content\/uploads\/2024\/01\/457e2f7c-10cf-4202-9907-289ed2f60093-375x375.png 375w, https:\/\/opentkd.org\/wp-content\/uploads\/2024\/01\/457e2f7c-10cf-4202-9907-289ed2f60093.png 800w\" sizes=\"auto, (max-width: 300px) 100vw, 300px\" \/><\/div><div id=\"panel-gb216-69dfd7df95dd9-1-0-2\" class=\"so-panel widget widget_media_image\" data-index=\"3\" ><img loading=\"lazy\" decoding=\"async\" width=\"300\" height=\"300\" src=\"https:\/\/opentkd.org\/wp-content\/uploads\/2024\/01\/ef17c9ee-23b4-4c35-bf21-818ae136bd38-300x300.png\" class=\"image wp-image-222  attachment-medium size-medium\" alt=\"\" style=\"max-width: 100%; height: auto;\" srcset=\"https:\/\/opentkd.org\/wp-content\/uploads\/2024\/01\/ef17c9ee-23b4-4c35-bf21-818ae136bd38-300x300.png 300w, https:\/\/opentkd.org\/wp-content\/uploads\/2024\/01\/ef17c9ee-23b4-4c35-bf21-818ae136bd38-150x150.png 150w, https:\/\/opentkd.org\/wp-content\/uploads\/2024\/01\/ef17c9ee-23b4-4c35-bf21-818ae136bd38-768x768.png 768w, https:\/\/opentkd.org\/wp-content\/uploads\/2024\/01\/ef17c9ee-23b4-4c35-bf21-818ae136bd38-500x500.png 500w, https:\/\/opentkd.org\/wp-content\/uploads\/2024\/01\/ef17c9ee-23b4-4c35-bf21-818ae136bd38-375x375.png 375w, https:\/\/opentkd.org\/wp-content\/uploads\/2024\/01\/ef17c9ee-23b4-4c35-bf21-818ae136bd38.png 800w\" sizes=\"auto, (max-width: 300px) 100vw, 300px\" \/><\/div><div id=\"panel-gb216-69dfd7df95dd9-1-0-3\" class=\"so-panel widget widget_media_image\" data-index=\"4\" ><img loading=\"lazy\" decoding=\"async\" width=\"300\" height=\"300\" src=\"https:\/\/opentkd.org\/wp-content\/uploads\/2024\/01\/c42fad69-578c-420b-8f81-41a5655d56a9-300x300.png\" class=\"image wp-image-221  attachment-medium size-medium\" alt=\"\" style=\"max-width: 100%; height: auto;\" srcset=\"https:\/\/opentkd.org\/wp-content\/uploads\/2024\/01\/c42fad69-578c-420b-8f81-41a5655d56a9-300x300.png 300w, https:\/\/opentkd.org\/wp-content\/uploads\/2024\/01\/c42fad69-578c-420b-8f81-41a5655d56a9-150x150.png 150w, https:\/\/opentkd.org\/wp-content\/uploads\/2024\/01\/c42fad69-578c-420b-8f81-41a5655d56a9-768x768.png 768w, https:\/\/opentkd.org\/wp-content\/uploads\/2024\/01\/c42fad69-578c-420b-8f81-41a5655d56a9-500x500.png 500w, https:\/\/opentkd.org\/wp-content\/uploads\/2024\/01\/c42fad69-578c-420b-8f81-41a5655d56a9-375x375.png 375w, https:\/\/opentkd.org\/wp-content\/uploads\/2024\/01\/c42fad69-578c-420b-8f81-41a5655d56a9.png 800w\" sizes=\"auto, (max-width: 300px) 100vw, 300px\" \/><\/div><div id=\"panel-gb216-69dfd7df95dd9-1-0-4\" class=\"so-panel widget widget_media_image\" data-index=\"5\" ><img loading=\"lazy\" decoding=\"async\" width=\"300\" height=\"300\" src=\"https:\/\/opentkd.org\/wp-content\/uploads\/2024\/01\/73739425-d780-42c8-89c4-d8f29e6d773b-300x300.png\" class=\"image wp-image-220  attachment-medium size-medium\" alt=\"\" style=\"max-width: 100%; height: auto;\" srcset=\"https:\/\/opentkd.org\/wp-content\/uploads\/2024\/01\/73739425-d780-42c8-89c4-d8f29e6d773b-300x300.png 300w, https:\/\/opentkd.org\/wp-content\/uploads\/2024\/01\/73739425-d780-42c8-89c4-d8f29e6d773b-150x150.png 150w, https:\/\/opentkd.org\/wp-content\/uploads\/2024\/01\/73739425-d780-42c8-89c4-d8f29e6d773b-768x768.png 768w, https:\/\/opentkd.org\/wp-content\/uploads\/2024\/01\/73739425-d780-42c8-89c4-d8f29e6d773b-500x500.png 500w, https:\/\/opentkd.org\/wp-content\/uploads\/2024\/01\/73739425-d780-42c8-89c4-d8f29e6d773b-375x375.png 375w, https:\/\/opentkd.org\/wp-content\/uploads\/2024\/01\/73739425-d780-42c8-89c4-d8f29e6d773b.png 800w\" sizes=\"auto, (max-width: 300px) 100vw, 300px\" \/><\/div><div id=\"panel-gb216-69dfd7df95dd9-1-0-5\" class=\"so-panel widget widget_media_image panel-last-child\" data-index=\"6\" ><img loading=\"lazy\" decoding=\"async\" width=\"300\" height=\"300\" src=\"https:\/\/opentkd.org\/wp-content\/uploads\/2024\/01\/8d4e8a53-eeb5-4fdf-9302-c88552c322a6-300x300.png\" class=\"image wp-image-219  attachment-medium size-medium\" alt=\"\" style=\"max-width: 100%; height: auto;\" srcset=\"https:\/\/opentkd.org\/wp-content\/uploads\/2024\/01\/8d4e8a53-eeb5-4fdf-9302-c88552c322a6-300x300.png 300w, https:\/\/opentkd.org\/wp-content\/uploads\/2024\/01\/8d4e8a53-eeb5-4fdf-9302-c88552c322a6-150x150.png 150w, https:\/\/opentkd.org\/wp-content\/uploads\/2024\/01\/8d4e8a53-eeb5-4fdf-9302-c88552c322a6-768x768.png 768w, https:\/\/opentkd.org\/wp-content\/uploads\/2024\/01\/8d4e8a53-eeb5-4fdf-9302-c88552c322a6-500x500.png 500w, https:\/\/opentkd.org\/wp-content\/uploads\/2024\/01\/8d4e8a53-eeb5-4fdf-9302-c88552c322a6-375x375.png 375w, https:\/\/opentkd.org\/wp-content\/uploads\/2024\/01\/8d4e8a53-eeb5-4fdf-9302-c88552c322a6.png 800w\" sizes=\"auto, (max-width: 300px) 100vw, 300px\" \/><\/div><\/div><div id=\"pgc-gb216-69dfd7df95dd9-1-1\"  class=\"panel-grid-cell\" ><div id=\"panel-gb216-69dfd7df95dd9-1-1-0\" class=\"so-panel widget widget_sow-editor panel-first-child\" data-index=\"7\" ><div\n\t\t\t\n\t\t\tclass=\"so-widget-sow-editor so-widget-sow-editor-base\"\n\t\t\t\n\t\t><h3 class=\"widget-title\">Wei\u00df (\ud770\uc0c9)<\/h3>\n<div class=\"siteorigin-widget-tinymce textwidget\">\n\t<p style=\"text-align: left;\"><strong>Wei\u00df steht f\u00fcr das Fehlen der Farbe, erkennbare Reinheit und Unschuld.<br \/>\nDu stehst ganz am Anfang und wei\u00dft noch nicht viel \u00fcber Taekwon-Do.<\/strong><\/p>\n<\/div>\n<\/div><\/div><div id=\"panel-gb216-69dfd7df95dd9-1-1-1\" class=\"so-panel widget widget_sow-editor\" data-index=\"8\" ><div\n\t\t\t\n\t\t\tclass=\"so-widget-sow-editor so-widget-sow-editor-base\"\n\t\t\t\n\t\t><h3 class=\"widget-title\">Gelb (\ub178\ub780\uc0c9)<\/h3>\n<div class=\"siteorigin-widget-tinymce textwidget\">\n\t<p><strong>Gelb ist die Farbe der ges\u00e4ten Samen und auch der Sonne, welche die ges\u00e4ten Samen zum Keimen ben\u00f6tigt.<br \/>\nDu lernst grundlegende Techniken, die Form annehmen.<\/strong><\/p>\n<\/div>\n<\/div><\/div><div id=\"panel-gb216-69dfd7df95dd9-1-1-2\" class=\"so-panel widget widget_sow-editor\" data-index=\"9\" ><div\n\t\t\t\n\t\t\tclass=\"so-widget-sow-editor so-widget-sow-editor-base\"\n\t\t\t\n\t\t><h3 class=\"widget-title\">Gr\u00fcn (\ucd08\ub85d\uc0c9)<\/h3>\n<div class=\"siteorigin-widget-tinymce textwidget\">\n\t<p style=\"text-align: left;\"><strong><span class=\"OYPEnA\" style=\"text-align: center;\">Gr\u00fcn <\/span><span class=\"OYPEnA\" style=\"text-align: center;\">ist die wachsende Pflanze, die sich aus den harten Saaten der Arbeit entwickelt.<br \/>\nKraft und Wirksamkeit sind die Wurzeln des harten Trainings.<\/span><\/strong><\/p>\n<\/div>\n<\/div><\/div><div id=\"panel-gb216-69dfd7df95dd9-1-1-3\" class=\"so-panel widget widget_sow-editor\" data-index=\"10\" ><div\n\t\t\t\n\t\t\tclass=\"so-widget-sow-editor so-widget-sow-editor-base\"\n\t\t\t\n\t\t><h3 class=\"widget-title\">Blau (\ud30c\ub780\uc0c9)<\/h3>\n<div class=\"siteorigin-widget-tinymce textwidget\">\n\t<div class=\"DF_utQ _0xkaeQ\">\n<div class=\"aF9o6Q _0yZ6Qg XfBqww\">\n<div class=\"AdBbhQ hGbcYA _7rUwsA\" lang=\"de-DE\">\n<p style=\"text-align: left;\"><strong><span class=\"OYPEnA\" style=\"text-align: center;\">Die Farbe des Himmels ist <\/span><span class=\"OYPEnA\" style=\"text-align: center;\">Blau<\/span><span class=\"OYPEnA\" style=\"text-align: center;\">.<br \/>\nHeranwachsende Techniken der einst zarten Pflanze zeigen mentale und physische Kraft und Stabilit\u00e4t.<\/span><\/strong><\/p>\n<\/div>\n<\/div>\n<\/div>\n<\/div>\n<\/div><\/div><div id=\"panel-gb216-69dfd7df95dd9-1-1-4\" class=\"so-panel widget widget_sow-editor\" data-index=\"11\" ><div\n\t\t\t\n\t\t\tclass=\"so-widget-sow-editor so-widget-sow-editor-base\"\n\t\t\t\n\t\t><h3 class=\"widget-title\">Rot (\ube68\uac04\uc0c9)<\/h3>\n<div class=\"siteorigin-widget-tinymce textwidget\">\n\t<p lang=\"de-DE\" style=\"text-align: left;\"><strong><span class=\"OYPEnA\">Die Farbe <\/span><span class=\"OYPEnA\">Rot\u00a0<\/span><span class=\"OYPEnA\">symbolisiert die Fr\u00fcchte der Arbeit, die heranwachsen und des Himmels, der sich bei der D\u00e4mmerung rot f\u00e4rbt.<br \/>\nDie Sch\u00fclerzeit neigt sich der letzten Phase zu.<\/span><\/strong><\/p>\n<\/div>\n<\/div><\/div><div id=\"panel-gb216-69dfd7df95dd9-1-1-5\" class=\"so-panel widget widget_sow-editor panel-last-child\" data-index=\"12\" ><div\n\t\t\t\n\t\t\tclass=\"so-widget-sow-editor so-widget-sow-editor-base\"\n\t\t\t\n\t\t><h3 class=\"widget-title\">Schwarz (\uac80\uc740\uc0c9)<\/h3>\n<div class=\"siteorigin-widget-tinymce textwidget\">\n\t<p lang=\"de-DE\" style=\"text-align: left;\"><strong><span class=\"OYPEnA\" style=\"text-align: center;\">Schwarz <\/span><span class=\"OYPEnA\" style=\"text-align: center;\">vereint alle Farben.<br \/>\nDiese Farbe reflektiert die Beherrschung von Disziplin, Aufrichtigkeit und Technik und sie ist Meistern (DAN) vorbehalten.<br \/>\nSie ist der Beginn davon, weiter zu wachsen und neue Samen zu s\u00e4en.<\/span><\/strong><\/p>\n<p lang=\"de-DE\">\n<\/div>\n<\/div><\/div><\/div><\/div><\/div><\/div>","protected":false},"excerpt":{"rendered":"<p>Der\u00a0G\u00fcrtel\u00a0(\ub760 Tti) kennzeichnet die Graduierung\u00a0des Sch\u00fclers (Kup). Er sagt nichts direkt \u00fcber das K\u00f6nnen und die Jahre getaner Arbeit aus, [&hellip;]<\/p>\n","protected":false},"author":2,"featured_media":0,"parent":0,"menu_order":0,"comment_status":"closed","ping_status":"closed","template":"","meta":{"site-sidebar-layout":"default","site-content-layout":"","ast-site-content-layout":"default","site-content-style":"default","site-sidebar-style":"default","ast-global-header-display":"","ast-banner-title-visibility":"","ast-main-header-display":"","ast-hfb-above-header-display":"","ast-hfb-below-header-display":"","ast-hfb-mobile-header-display":"","site-post-title":"","ast-breadcrumbs-content":"","ast-featured-img":"","footer-sml-layout":"","ast-disable-related-posts":"","theme-transparent-header-meta":"","adv-header-id-meta":"","stick-header-meta":"","header-above-stick-meta":"","header-main-stick-meta":"","header-below-stick-meta":"","astra-migrate-meta-layouts":"default","ast-page-background-enabled":"default","ast-page-background-meta":{"desktop":{"background-color":"var(--ast-global-color-4)","background-image":"","background-repeat":"repeat","background-position":"center center","background-size":"auto","background-attachment":"scroll","background-type":"","background-media":"","overlay-type":"","overlay-color":"","overlay-opacity":"","overlay-gradient":""},"tablet":{"background-color":"","background-image":"","background-repeat":"repeat","background-position":"center center","background-size":"auto","background-attachment":"scroll","background-type":"","background-media":"","overlay-type":"","overlay-color":"","overlay-opacity":"","overlay-gradient":""},"mobile":{"background-color":"","background-image":"","background-repeat":"repeat","background-position":"center center","background-size":"auto","background-attachment":"scroll","background-type":"","background-media":"","overlay-type":"","overlay-color":"","overlay-opacity":"","overlay-gradient":""}},"ast-content-background-meta":{"desktop":{"background-color":"var(--ast-global-color-5)","background-image":"","background-repeat":"repeat","background-position":"center center","background-size":"auto","background-attachment":"scroll","background-type":"","background-media":"","overlay-type":"","overlay-color":"","overlay-opacity":"","overlay-gradient":""},"tablet":{"background-color":"var(--ast-global-color-5)","background-image":"","background-repeat":"repeat","background-position":"center center","background-size":"auto","background-attachment":"scroll","background-type":"","background-media":"","overlay-type":"","overlay-color":"","overlay-opacity":"","overlay-gradient":""},"mobile":{"background-color":"var(--ast-global-color-5)","background-image":"","background-repeat":"repeat","background-position":"center center","background-size":"auto","background-attachment":"scroll","background-type":"","background-media":"","overlay-type":"","overlay-color":"","overlay-opacity":"","overlay-gradient":""}},"footnotes":""},"class_list":["post-216","page","type-page","status-publish","hentry"],"_links":{"self":[{"href":"https:\/\/opentkd.org\/index.php?rest_route=\/wp\/v2\/pages\/216","targetHints":{"allow":["GET"]}}],"collection":[{"href":"https:\/\/opentkd.org\/index.php?rest_route=\/wp\/v2\/pages"}],"about":[{"href":"https:\/\/opentkd.org\/index.php?rest_route=\/wp\/v2\/types\/page"}],"author":[{"embeddable":true,"href":"https:\/\/opentkd.org\/index.php?rest_route=\/wp\/v2\/users\/2"}],"replies":[{"embeddable":true,"href":"https:\/\/opentkd.org\/index.php?rest_route=%2Fwp%2Fv2%2Fcomments&post=216"}],"version-history":[{"count":29,"href":"https:\/\/opentkd.org\/index.php?rest_route=\/wp\/v2\/pages\/216\/revisions"}],"predecessor-version":[{"id":401,"href":"https:\/\/opentkd.org\/index.php?rest_route=\/wp\/v2\/pages\/216\/revisions\/401"}],"wp:attachment":[{"href":"https:\/\/opentkd.org\/index.php?rest_route=%2Fwp%2Fv2%2Fmedia&parent=216"}],"curies":[{"name":"wp","href":"https:\/\/api.w.org\/{rel}","templated":true}]}}