{"id":255,"date":"2024-01-06T23:25:42","date_gmt":"2024-01-06T22:25:42","guid":{"rendered":"https:\/\/opentkd.org\/?page_id=255"},"modified":"2024-01-06T23:59:09","modified_gmt":"2024-01-06T22:59:09","slug":"was-ist-ein-dojang","status":"publish","type":"page","link":"https:\/\/opentkd.org\/?page_id=255","title":{"rendered":"Was ist ein Dojang?"},"content":{"rendered":"<div id=\"pl-255\"  class=\"panel-layout\" ><div id=\"pg-255-0\"  class=\"panel-grid panel-has-style\" ><div class=\"siteorigin-panels-stretch panel-row-style panel-row-style-for-255-0\" data-stretch-type=\"full-width-stretch\" ><div id=\"pgc-255-0-0\"  class=\"panel-grid-cell\" ><div id=\"panel-255-0-0-0\" class=\"so-panel widget widget_sow-hero panel-first-child panel-last-child\" data-index=\"0\" ><div\n\t\t\t\n\t\t\tclass=\"so-widget-sow-hero so-widget-sow-hero-default-a73ba5002c98-255 so-widget-fittext-wrapper\"\n\t\t\t data-fit-text-compressor=\"0.75\"\n\t\t>\t\t\t\t<div class=\"sow-slider-base\" style=\"display: none\" tabindex=\"0\">\n\t\t\t\t\t<ul\n\t\t\t\t\tclass=\"sow-slider-images\"\n\t\t\t\t\tdata-settings=\"{&quot;pagination&quot;:true,&quot;speed&quot;:800,&quot;timeout&quot;:8000,&quot;paused&quot;:false,&quot;pause_on_hover&quot;:false,&quot;swipe&quot;:false,&quot;nav_always_show_desktop&quot;:&quot;&quot;,&quot;nav_always_show_mobile&quot;:&quot;&quot;,&quot;breakpoint&quot;:&quot;780px&quot;,&quot;unmute&quot;:false,&quot;anchor&quot;:null}\"\n\t\t\t\t\tstyle=\"min-height: 100%\"\t\t\t\t\tdata-anchor-id=\"\"\n\t\t\t\t>\t\t<li class=\"sow-slider-image\" style=\"visibility: visible;;background-color: #333333\" >\n\t\t\t\t\t<div class=\"sow-slider-image-container\">\n\t\t\t<div class=\"sow-slider-image-wrapper\">\n\t\t\t\t<h2 style=\"text-align: left\"><span style=\"color: #ffffff\"><span style=\"color: #c60c30\">DOJANG \ub3c4\uc7a5<\/span><\/span><\/h2>\n<p><strong>Dojang ist koreanisch und bedeutet \u00fcbersetzt <\/strong><strong>\"<span style=\"color: #ffd700\">Haus der Disziplin<\/span>\".<br \/>\n<\/strong>Der dem gleichzusetzenden japanischen Begriff \"Dojo\" bedeutet auch \"Haus des Weges\".<\/p>\n<p><strong>Im Dojang legst du alle allt\u00e4glichen Gewohnheiten, Utensilien und Ablenkungen ab, um dich voll auf dein Training zu konzentrieren.<\/strong><\/p>\n<p>Regeln (Etikette):<\/p>\n<p>\u2022 Nutze die Zeit vor dem Training zum <strong>Aufw\u00e4rmen<\/strong> und die Zeit nach dem Training zum <strong>Dehnen<\/strong>.<br \/>\n\u2022 Verhalte dich <strong>h\u00f6flich<\/strong>. Eine <strong>Verbeugung<\/strong> zur Landesflagge Koreas beim Betreten und Verlassen der Trainingsfl\u00e4che, und zu deinem Lehrenden ist der Ausdruck des Respekts.<br \/>\n\u2022 Trainiert wird \u00fcblicherweise im traditionellen <strong>Dobok<\/strong> (\"Anzug\" oder \"Uniform\"). Dieser besteht aus <strong>Jeogori<\/strong> und <strong>Baji<\/strong> (Oberteil und Hose).<br \/>\n\u2022 Der G\u00fcrtel (<strong>Ddi<\/strong>) wird um die Taille getragen, h\u00e4lt den Dobok zusammen und zeigt den Rang eines Taekwondoka anhand der G\u00fcrtelfarbe an.<br \/>\n\u2022 Sprich dein Gegen\u00fcber <strong>immer im Stehen<\/strong> an. Nutze die Verbeugung zum Begr\u00fc\u00dfen, Abgr\u00fc\u00dfen, Entschuldigen und so weiter.<br \/>\n\u2022 Sch\u00fclergrade werden <strong>Kup<\/strong> genannt, der Sch\u00fcler \"Gyeongja\" (\uacbd\uc790), Meistergrade vom ersten bis dritten Dan \"<strong>Kyosa Nim<\/strong>\". Letzere haben eine hohe Kompetenz und Lehrerfunktion.<br \/>\n\u2022 Alle h\u00f6heren Graduierungen sprichst du mit \"<strong>Sa Bum Nim<\/strong>\" an. Das zeigt von H\u00f6flichkeit und Respekt zu den erfahrerenen Lehrmeistergraden.<br \/>\n\u2022 Verbeugst du dich du anderen Sch\u00fclergraden oder Meistergraden, schaust du diesen bei der Verbeugung in die Augen. Die Verbeugung sollte deshalb nicht zu tief sein.<br \/>\n\u2022 Kommen neue Trainerende, halte dich nicht zur\u00fcck, offen zu sein und dein Wissen weiterzugeben. In Absprache mit des Trainerenden kannst du diesen auch \u00dcbungen zeigen.<\/p>\n\t\t\t<\/div>\n\t\t<\/div>\n\t\t\t\t<\/li>\n\t\t<\/ul>\t\t\t\t<ol class=\"sow-slider-pagination\">\n\t\t\t\t\t\t\t\t\t\t\t<li><a href=\"#\" data-goto=\"0\" aria-label=\"Display slide 1\"><\/a><\/li>\n\t\t\t\t\t\t\t\t\t<\/ol>\n\n\t\t\t\t<div class=\"sow-slide-nav sow-slide-nav-next\">\n\t\t\t\t\t<a href=\"#\" data-goto=\"next\" aria-label=\"Next slide\" data-action=\"next\">\n\t\t\t\t\t\t<em class=\"sow-sld-icon-thin-right\"><\/em>\n\t\t\t\t\t<\/a>\n\t\t\t\t<\/div>\n\n\t\t\t\t<div class=\"sow-slide-nav sow-slide-nav-prev\">\n\t\t\t\t\t<a href=\"#\" data-goto=\"previous\" aria-label=\"Previous slide\" data-action=\"prev\">\n\t\t\t\t\t\t<em class=\"sow-sld-icon-thin-left\"><\/em>\n\t\t\t\t\t<\/a>\n\t\t\t\t<\/div>\n\t\t\t\t<\/div><\/div><\/div><\/div><\/div><\/div><\/div>","protected":false},"excerpt":{"rendered":"<p>DOJANG \ub3c4\uc7a5 Dojang ist koreanisch und bedeutet \u00fcbersetzt &#8222;Haus der Disziplin&#8220;. Der dem gleichzusetzenden japanischen Begriff &#8222;Dojo&#8220; bedeutet auch &#8222;Haus [&hellip;]<\/p>\n","protected":false},"author":2,"featured_media":0,"parent":0,"menu_order":0,"comment_status":"closed","ping_status":"closed","template":"","meta":{"site-sidebar-layout":"default","site-content-layout":"","ast-site-content-layout":"default","site-content-style":"default","site-sidebar-style":"default","ast-global-header-display":"","ast-banner-title-visibility":"","ast-main-header-display":"","ast-hfb-above-header-display":"","ast-hfb-below-header-display":"","ast-hfb-mobile-header-display":"","site-post-title":"","ast-breadcrumbs-content":"","ast-featured-img":"","footer-sml-layout":"","ast-disable-related-posts":"","theme-transparent-header-meta":"","adv-header-id-meta":"","stick-header-meta":"","header-above-stick-meta":"","header-main-stick-meta":"","header-below-stick-meta":"","astra-migrate-meta-layouts":"default","ast-page-background-enabled":"default","ast-page-background-meta":{"desktop":{"background-color":"var(--ast-global-color-4)","background-image":"","background-repeat":"repeat","background-position":"center center","background-size":"auto","background-attachment":"scroll","background-type":"","background-media":"","overlay-type":"","overlay-color":"","overlay-opacity":"","overlay-gradient":""},"tablet":{"background-color":"","background-image":"","background-repeat":"repeat","background-position":"center center","background-size":"auto","background-attachment":"scroll","background-type":"","background-media":"","overlay-type":"","overlay-color":"","overlay-opacity":"","overlay-gradient":""},"mobile":{"background-color":"","background-image":"","background-repeat":"repeat","background-position":"center center","background-size":"auto","background-attachment":"scroll","background-type":"","background-media":"","overlay-type":"","overlay-color":"","overlay-opacity":"","overlay-gradient":""}},"ast-content-background-meta":{"desktop":{"background-color":"var(--ast-global-color-5)","background-image":"","background-repeat":"repeat","background-position":"center center","background-size":"auto","background-attachment":"scroll","background-type":"","background-media":"","overlay-type":"","overlay-color":"","overlay-opacity":"","overlay-gradient":""},"tablet":{"background-color":"var(--ast-global-color-5)","background-image":"","background-repeat":"repeat","background-position":"center center","background-size":"auto","background-attachment":"scroll","background-type":"","background-media":"","overlay-type":"","overlay-color":"","overlay-opacity":"","overlay-gradient":""},"mobile":{"background-color":"var(--ast-global-color-5)","background-image":"","background-repeat":"repeat","background-position":"center center","background-size":"auto","background-attachment":"scroll","background-type":"","background-media":"","overlay-type":"","overlay-color":"","overlay-opacity":"","overlay-gradient":""}},"footnotes":""},"class_list":["post-255","page","type-page","status-publish","hentry"],"_links":{"self":[{"href":"https:\/\/opentkd.org\/index.php?rest_route=\/wp\/v2\/pages\/255","targetHints":{"allow":["GET"]}}],"collection":[{"href":"https:\/\/opentkd.org\/index.php?rest_route=\/wp\/v2\/pages"}],"about":[{"href":"https:\/\/opentkd.org\/index.php?rest_route=\/wp\/v2\/types\/page"}],"author":[{"embeddable":true,"href":"https:\/\/opentkd.org\/index.php?rest_route=\/wp\/v2\/users\/2"}],"replies":[{"embeddable":true,"href":"https:\/\/opentkd.org\/index.php?rest_route=%2Fwp%2Fv2%2Fcomments&post=255"}],"version-history":[{"count":2,"href":"https:\/\/opentkd.org\/index.php?rest_route=\/wp\/v2\/pages\/255\/revisions"}],"predecessor-version":[{"id":258,"href":"https:\/\/opentkd.org\/index.php?rest_route=\/wp\/v2\/pages\/255\/revisions\/258"}],"wp:attachment":[{"href":"https:\/\/opentkd.org\/index.php?rest_route=%2Fwp%2Fv2%2Fmedia&parent=255"}],"curies":[{"name":"wp","href":"https:\/\/api.w.org\/{rel}","templated":true}]}}