{"id":261,"date":"2024-01-06T23:39:02","date_gmt":"2024-01-06T22:39:02","guid":{"rendered":"https:\/\/opentkd.org\/?page_id=261"},"modified":"2024-05-12T17:53:14","modified_gmt":"2024-05-12T16:53:14","slug":"5-grundsaetze","status":"publish","type":"page","link":"https:\/\/opentkd.org\/?page_id=261","title":{"rendered":"5 Grunds\u00e4tze"},"content":{"rendered":"<div id=\"pl-261\"  class=\"panel-layout\" ><div id=\"pg-261-0\"  class=\"panel-grid panel-has-style\" ><div class=\"siteorigin-panels-stretch panel-row-style panel-row-style-for-261-0\" data-stretch-type=\"full-width-stretch\" ><div id=\"pgc-261-0-0\"  class=\"panel-grid-cell\" ><div id=\"panel-261-0-0-0\" class=\"so-panel widget widget_sow-hero panel-first-child panel-last-child\" data-index=\"0\" ><div\n\t\t\t\n\t\t\tclass=\"so-widget-sow-hero so-widget-sow-hero-default-a73ba5002c98-261 so-widget-fittext-wrapper\"\n\t\t\t data-fit-text-compressor=\"0.75\"\n\t\t>\t\t\t\t<div class=\"sow-slider-base\" style=\"display: none\" tabindex=\"0\">\n\t\t\t\t\t<ul\n\t\t\t\t\tclass=\"sow-slider-images\"\n\t\t\t\t\tdata-settings=\"{&quot;pagination&quot;:true,&quot;speed&quot;:800,&quot;timeout&quot;:8000,&quot;paused&quot;:false,&quot;pause_on_hover&quot;:false,&quot;swipe&quot;:&quot;&quot;,&quot;nav_always_show_desktop&quot;:&quot;&quot;,&quot;nav_always_show_mobile&quot;:&quot;&quot;,&quot;breakpoint&quot;:&quot;780px&quot;,&quot;unmute&quot;:false,&quot;anchor&quot;:null}\"\n\t\t\t\t\tstyle=\"min-height: 100%\"\t\t\t\t\tdata-anchor-id=\"\"\n\t\t\t\t>\t\t<li class=\"sow-slider-image\" style=\"visibility: visible;;background-color: #333333\" >\n\t\t\t\t\t<div class=\"sow-slider-image-container\">\n\t\t\t<div class=\"sow-slider-image-wrapper\">\n\t\t\t\t<p><strong>Ist Taekwon-Do f\u00fcr mich geeignet?<\/strong><\/p>\n<p><span class=\"OYPEnA\">Grunds\u00e4tzlich <span style=\"text-decoration: underline\">musst<\/span> du die\u00a0<\/span><span class=\"OYPEnA\"><span style=\"text-decoration: underline\">Motivation<\/span>\u00a0<\/span><span class=\"OYPEnA\">haben, etwas erreichen zu <strong><span style=\"text-decoration: underline\">wollen<\/span><\/strong>. <\/span><\/p>\n<p><span class=\"OYPEnA\"><strong>Motive<\/strong> um mit Taekwon-Do zu beginnen, <span style=\"text-decoration: underline\">k\u00f6nnen<\/span> sein:<\/span><\/p>\n\t\t\t<\/div>\n\t\t<\/div>\n\t\t\t\t<\/li>\n\t\t<\/ul>\t\t\t\t<ol class=\"sow-slider-pagination\">\n\t\t\t\t\t\t\t\t\t\t\t<li><a href=\"#\" data-goto=\"0\" aria-label=\"Display slide 1\"><\/a><\/li>\n\t\t\t\t\t\t\t\t\t<\/ol>\n\n\t\t\t\t<div class=\"sow-slide-nav sow-slide-nav-next\">\n\t\t\t\t\t<a href=\"#\" data-goto=\"next\" aria-label=\"Next slide\" data-action=\"next\">\n\t\t\t\t\t\t<em class=\"sow-sld-icon-thin-right\"><\/em>\n\t\t\t\t\t<\/a>\n\t\t\t\t<\/div>\n\n\t\t\t\t<div class=\"sow-slide-nav sow-slide-nav-prev\">\n\t\t\t\t\t<a href=\"#\" data-goto=\"previous\" aria-label=\"Previous slide\" data-action=\"prev\">\n\t\t\t\t\t\t<em class=\"sow-sld-icon-thin-left\"><\/em>\n\t\t\t\t\t<\/a>\n\t\t\t\t<\/div>\n\t\t\t\t<\/div><\/div><\/div><\/div><\/div><\/div><div id=\"pg-261-1\"  class=\"panel-grid panel-has-style\" ><div class=\"panel-row-style panel-row-style-for-261-1\" ><div id=\"pgc-261-1-0\"  class=\"panel-grid-cell\" ><div id=\"panel-261-1-0-0\" class=\"so-panel widget widget_sow-editor panel-first-child panel-last-child\" data-index=\"1\" ><div\n\t\t\t\n\t\t\tclass=\"so-widget-sow-editor so-widget-sow-editor-base\"\n\t\t\t\n\t\t><h3 class=\"widget-title\">K\u00f6rperlich (physisch)<\/h3>\n<div class=\"siteorigin-widget-tinymce textwidget\">\n\t<p><span class=\"OYPEnA\">\u2022 Sportlich aktiv sein<br \/>\n<\/span><span class=\"OYPEnA\">\u2022 Ges\u00fcnder leben wollen<br \/>\n<\/span><span class=\"OYPEnA\">\u2022 Mehr Fitness betreiben<br \/>\n\u2022 <\/span><span class=\"OYPEnA\">Motorik verbessern<\/span><\/p>\n<\/div>\n<\/div><\/div><\/div><div id=\"pgc-261-1-1\"  class=\"panel-grid-cell\" ><div id=\"panel-261-1-1-0\" class=\"so-panel widget widget_sow-editor panel-first-child panel-last-child\" data-index=\"2\" ><div\n\t\t\t\n\t\t\tclass=\"so-widget-sow-editor so-widget-sow-editor-base\"\n\t\t\t\n\t\t><h3 class=\"widget-title\">Psychisch und mental<\/h3>\n<div class=\"siteorigin-widget-tinymce textwidget\">\n\t<p><span class=\"OYPEnA\">\u2022 Mutiger werden<br \/>\n<\/span><span class=\"OYPEnA\">\u2022 <\/span><span class=\"OYPEnA\">Geduldiger werden<br \/>\n\u2022 <\/span><span class=\"OYPEnA\">Ausdauernder werden<br \/>\n\u2022\u00a0 <\/span><span class=\"OYPEnA\">Mehr Selbstvertrauen entwickeln<\/span><\/p>\n<\/div>\n<\/div><\/div><\/div><\/div><\/div><div id=\"pg-261-2\"  class=\"panel-grid panel-has-style\" ><div class=\"panel-row-style panel-row-style-for-261-2\" ><div id=\"pgc-261-2-0\"  class=\"panel-grid-cell\" ><div id=\"panel-261-2-0-0\" class=\"so-panel widget widget_sow-editor panel-first-child\" data-index=\"3\" ><div\n\t\t\t\n\t\t\tclass=\"so-widget-sow-editor so-widget-sow-editor-base\"\n\t\t\t\n\t\t>\n<div class=\"siteorigin-widget-tinymce textwidget\">\n\t<p><span class=\"OYPEnA\">Neben deiner eigenen Motivation gibt es aber auch Dinge, die Taekwon-Do und seine Meistergrade von dir <span style=\"text-decoration: underline;\">erwarten<\/span>, und die du <span style=\"text-decoration: underline;\">st\u00e4ndig f\u00f6rdern sollst<\/span>.<\/span><\/p>\n<p><span class=\"OYPEnA\">Diese 5 <\/span><strong><span class=\"OYPEnA\">Grunds\u00e4tze\u00a0<\/span><\/strong><span class=\"OYPEnA\">bzw. Richtlinien hat der Gr\u00fcnder und <a href=\"https:\/\/opentkd.org\/?page_id=172\" target=\"_blank\" rel=\"noopener\">General Choi, Hong-Hi<\/a> aufgestellt und sollen deine Voraussetzungen in der Kampfkunst sein:<\/span><\/p>\n<\/div>\n<\/div><\/div><div id=\"panel-261-2-0-1\" class=\"so-panel widget widget_sow-editor\" data-index=\"4\" ><div\n\t\t\t\n\t\t\tclass=\"so-widget-sow-editor so-widget-sow-editor-base\"\n\t\t\t\n\t\t><h3 class=\"widget-title\">Integrit\u00e4t (Yom Chi) \uc5fc\uce58<\/h3>\n<div class=\"siteorigin-widget-tinymce textwidget\">\n\t<h5 class=\"cgHgbA nxe3IQ Xp24Nw PanoWQ\"><span class=\"OYPEnA\">Ehrlichkeit<\/span><\/h5>\n<p><span class=\"OYPEnA\">\u2022 Lasse dir nichts zu Schulden kommen und achte das Recht.<br \/>\n<\/span><span class=\"OYPEnA\">\u2022 Nutze die F\u00e4higkeit, zwischen Recht und Unrecht zu unterscheiden.<br \/>\n\u2022 <\/span><span class=\"OYPEnA\">Habe ein Gewissen, dich schuldig zu f\u00fchlen, wenn du Unrecht begangen hast.<\/span><\/p>\n<\/div>\n<\/div><\/div><div id=\"panel-261-2-0-2\" class=\"so-panel widget widget_sow-editor panel-last-child\" data-index=\"5\" ><div\n\t\t\t\n\t\t\tclass=\"so-widget-sow-editor so-widget-sow-editor-base\"\n\t\t\t\n\t\t><h3 class=\"widget-title\">Durchhalteverm\u00f6gen (In Nae) \uc778\ub0b4<\/h3>\n<div class=\"siteorigin-widget-tinymce textwidget\">\n\t<h5><span class=\"OYPEnA\">Ausdauer<\/span><\/h5>\n<p><span class=\"OYPEnA\">\u2022 Halte durch, auch wenn es schwierig erscheint oder anstrengend ist. Behalte dein Ziel im Auge.<br \/>\n<\/span><span class=\"OYPEnA\">\u2022 Sei in schwierigen Situationen standhaft. Das zeigt St\u00e4rke.<br \/>\n<\/span><span class=\"OYPEnA\">\u2022 Wenn etwas nicht auf Anhieb klappt, wirf die Flinte nicht gleich ins Korn. \u00dcbe immer wieder.<br \/>\n<\/span><span class=\"OYPEnA\">\u2022 Nutze R\u00fcckschl\u00e4ge als Chance. Jeder hat St\u00e4rken und Schw\u00e4chen.<\/span><\/p>\n<\/div>\n<\/div><\/div><\/div><div id=\"pgc-261-2-1\"  class=\"panel-grid-cell\" ><div id=\"panel-261-2-1-0\" class=\"so-panel widget widget_sow-editor panel-first-child\" data-index=\"6\" ><div\n\t\t\t\n\t\t\tclass=\"so-widget-sow-editor so-widget-sow-editor-base\"\n\t\t\t\n\t\t><h3 class=\"widget-title\">H\u00f6flichkeit (Ye Ui) \uc608\uc758<\/h3>\n<div class=\"siteorigin-widget-tinymce textwidget\">\n\t<p><span class=\"OYPEnA\">\u2022 Sei immer h\u00f6flich zu deinen Mitmenschen<br \/>\n\u2022 <\/span><span class=\"OYPEnA\">Sei dir \u00fcber deine Schw\u00e4chen bewusst, ehe du \u00fcber Fehler anderer herziehst<br \/>\n\u2022 <\/span><span class=\"OYPEnA\">Habe ein gesittetes und zuvorkommendes Benehmen.<br \/>\n\u2022 <\/span><span class=\"OYPEnA\">Achte und respektiere deinen Mitmenschen.<\/span><\/p>\n<\/div>\n<\/div><\/div><div id=\"panel-261-2-1-1\" class=\"so-panel widget widget_sow-editor\" data-index=\"7\" ><div\n\t\t\t\n\t\t\tclass=\"so-widget-sow-editor so-widget-sow-editor-base\"\n\t\t\t\n\t\t><h3 class=\"widget-title\">Selbstdisziplin (Guk Gi) \uadf9\uae30<\/h3>\n<div class=\"siteorigin-widget-tinymce textwidget\">\n\t<h5><span class=\"OYPEnA\">Eigenkontrolle<\/span><\/h5>\n<p><span class=\"OYPEnA\">\u2022 Bewahre die Beherrschung. Es ist ein Zusammenspiel von Geduld und Durchhalteverm\u00f6gen.<br \/>\n<\/span><span class=\"OYPEnA\">\u2022 Habe dein Handeln immer unter Kontrolle, kenne deine Grenzen.<br \/>\n<\/span><span class=\"OYPEnA\">\u2022 Bleibe in schwierigen Situationen ruhig und lasse dich nicht provozieren.<br \/>\n<\/span><span class=\"OYPEnA\">\u2022 Lass dich nicht gehen, auch wenn das andere vormachen. Achte darauf, dass du dich an Regeln h\u00e4ltst.<\/span><\/p>\n<\/div>\n<\/div><\/div><div id=\"panel-261-2-1-2\" class=\"so-panel widget widget_sow-editor panel-last-child\" data-index=\"8\" ><div\n\t\t\t\n\t\t\tclass=\"so-widget-sow-editor so-widget-sow-editor-base\"\n\t\t\t\n\t\t><h3 class=\"widget-title\">Unbezwingbarkeit (Beakjul Boolgul) \ubc31\uc808\ubd88\uad74<\/h3>\n<div class=\"siteorigin-widget-tinymce textwidget\">\n\t<h5><span class=\"OYPEnA\">Willensst\u00e4rke<\/span><\/h5>\n<p><span class=\"OYPEnA\">\u2022 Nutze die F\u00e4higkeit, dich nicht bezwingen, besiegen oder unterdr\u00fccken zu lassen, geistig und k\u00f6rperlich.<br \/>\n<\/span><span class=\"OYPEnA\">\u2022 Nutze die F\u00e4higkeit, auch gegen gro\u00dfe Widerst\u00e4nde deine Grunds\u00e4tze zu stehen.<br \/>\n<\/span><span class=\"OYPEnA\">\u2022 P<\/span><span class=\"OYPEnA\">asse niemals deine Meinung an die Mehrheit an.<br \/>\n<\/span><span class=\"OYPEnA\">\u2022 V<\/span><span class=\"OYPEnA\">ersuche zu gewinnen. Auch wenn das, dem du entgegenstehst, un\u00fcberwindbar scheint.<\/span><\/p>\n<p>&nbsp;<\/p>\n<\/div>\n<\/div><\/div><\/div><\/div><\/div><\/div>","protected":false},"excerpt":{"rendered":"<p>\u2022 Sportlich aktiv sein \u2022 Ges\u00fcnder leben wollen \u2022 Mehr Fitness betreiben \u2022 Motorik verbessern \u2022 Mutiger werden \u2022 Geduldiger [&hellip;]<\/p>\n","protected":false},"author":2,"featured_media":0,"parent":0,"menu_order":0,"comment_status":"closed","ping_status":"closed","template":"","meta":{"site-sidebar-layout":"default","site-content-layout":"","ast-site-content-layout":"default","site-content-style":"default","site-sidebar-style":"default","ast-global-header-display":"","ast-banner-title-visibility":"","ast-main-header-display":"","ast-hfb-above-header-display":"","ast-hfb-below-header-display":"","ast-hfb-mobile-header-display":"","site-post-title":"","ast-breadcrumbs-content":"","ast-featured-img":"","footer-sml-layout":"","ast-disable-related-posts":"","theme-transparent-header-meta":"default","adv-header-id-meta":"","stick-header-meta":"default","header-above-stick-meta":"","header-main-stick-meta":"","header-below-stick-meta":"","astra-migrate-meta-layouts":"set","ast-page-background-enabled":"default","ast-page-background-meta":{"desktop":{"background-color":"var(--ast-global-color-4)","background-image":"","background-repeat":"repeat","background-position":"center center","background-size":"auto","background-attachment":"scroll","background-type":"","background-media":"","overlay-type":"","overlay-color":"","overlay-opacity":"","overlay-gradient":""},"tablet":{"background-color":"","background-image":"","background-repeat":"repeat","background-position":"center center","background-size":"auto","background-attachment":"scroll","background-type":"","background-media":"","overlay-type":"","overlay-color":"","overlay-opacity":"","overlay-gradient":""},"mobile":{"background-color":"","background-image":"","background-repeat":"repeat","background-position":"center center","background-size":"auto","background-attachment":"scroll","background-type":"","background-media":"","overlay-type":"","overlay-color":"","overlay-opacity":"","overlay-gradient":""}},"ast-content-background-meta":{"desktop":{"background-color":"var(--ast-global-color-5)","background-image":"","background-repeat":"repeat","background-position":"center center","background-size":"auto","background-attachment":"scroll","background-type":"","background-media":"","overlay-type":"","overlay-color":"","overlay-opacity":"","overlay-gradient":""},"tablet":{"background-color":"var(--ast-global-color-5)","background-image":"","background-repeat":"repeat","background-position":"center center","background-size":"auto","background-attachment":"scroll","background-type":"","background-media":"","overlay-type":"","overlay-color":"","overlay-opacity":"","overlay-gradient":""},"mobile":{"background-color":"var(--ast-global-color-5)","background-image":"","background-repeat":"repeat","background-position":"center center","background-size":"auto","background-attachment":"scroll","background-type":"","background-media":"","overlay-type":"","overlay-color":"","overlay-opacity":"","overlay-gradient":""}},"footnotes":""},"class_list":["post-261","page","type-page","status-publish","hentry"],"_links":{"self":[{"href":"https:\/\/opentkd.org\/index.php?rest_route=\/wp\/v2\/pages\/261","targetHints":{"allow":["GET"]}}],"collection":[{"href":"https:\/\/opentkd.org\/index.php?rest_route=\/wp\/v2\/pages"}],"about":[{"href":"https:\/\/opentkd.org\/index.php?rest_route=\/wp\/v2\/types\/page"}],"author":[{"embeddable":true,"href":"https:\/\/opentkd.org\/index.php?rest_route=\/wp\/v2\/users\/2"}],"replies":[{"embeddable":true,"href":"https:\/\/opentkd.org\/index.php?rest_route=%2Fwp%2Fv2%2Fcomments&post=261"}],"version-history":[{"count":12,"href":"https:\/\/opentkd.org\/index.php?rest_route=\/wp\/v2\/pages\/261\/revisions"}],"predecessor-version":[{"id":373,"href":"https:\/\/opentkd.org\/index.php?rest_route=\/wp\/v2\/pages\/261\/revisions\/373"}],"wp:attachment":[{"href":"https:\/\/opentkd.org\/index.php?rest_route=%2Fwp%2Fv2%2Fmedia&parent=261"}],"curies":[{"name":"wp","href":"https:\/\/api.w.org\/{rel}","templated":true}]}}