{"id":269,"date":"2024-01-06T23:56:44","date_gmt":"2024-01-06T22:56:44","guid":{"rendered":"https:\/\/opentkd.org\/?page_id=269"},"modified":"2024-01-06T23:59:05","modified_gmt":"2024-01-06T22:59:05","slug":"5-disziplinen","status":"publish","type":"page","link":"https:\/\/opentkd.org\/?page_id=269","title":{"rendered":"5 Disziplinen"},"content":{"rendered":"<div id=\"pl-269\"  class=\"panel-layout\" ><div id=\"pg-269-0\"  class=\"panel-grid panel-has-style\" ><div class=\"siteorigin-panels-stretch panel-row-style panel-row-style-for-269-0\" data-stretch-type=\"full-width-stretch\" ><div id=\"pgc-269-0-0\"  class=\"panel-grid-cell\" ><div id=\"panel-269-0-0-0\" class=\"so-panel widget widget_sow-hero panel-first-child panel-last-child\" data-index=\"0\" ><div\n\t\t\t\n\t\t\tclass=\"so-widget-sow-hero so-widget-sow-hero-default-a73ba5002c98-269 so-widget-fittext-wrapper\"\n\t\t\t data-fit-text-compressor=\"0.75\"\n\t\t>\t\t\t\t<div class=\"sow-slider-base\" style=\"display: none\" tabindex=\"0\">\n\t\t\t\t\t<ul\n\t\t\t\t\tclass=\"sow-slider-images\"\n\t\t\t\t\tdata-settings=\"{&quot;pagination&quot;:true,&quot;speed&quot;:800,&quot;timeout&quot;:8000,&quot;paused&quot;:false,&quot;pause_on_hover&quot;:false,&quot;swipe&quot;:false,&quot;nav_always_show_desktop&quot;:&quot;&quot;,&quot;nav_always_show_mobile&quot;:&quot;&quot;,&quot;breakpoint&quot;:&quot;780px&quot;,&quot;unmute&quot;:false,&quot;anchor&quot;:null}\"\n\t\t\t\t\tstyle=\"min-height: 100%\"\t\t\t\t\tdata-anchor-id=\"\"\n\t\t\t\t>\t\t<li class=\"sow-slider-image\" style=\"visibility: visible;;background-color: #333333\" >\n\t\t\t\t\t<div class=\"sow-slider-image-container\">\n\t\t\t<div class=\"sow-slider-image-wrapper\">\n\t\t\t\t<h3 class=\"cvGsUA direction-ltr align-center para-style-body\"><strong><span class=\"OYPEnA text-decoration-none text-strikethrough-none\">Gibon Yeonseup \uae30\ubcf8 \uc5f0\uc2b5 - <\/span><span class=\"OYPEnA text-decoration-none text-strikethrough-none\">Grundschule<\/span><\/strong><\/h3>\n<p><span class=\"OYPEnA\">Gibon Yeonseup<\/span><span class=\"OYPEnA\"> bildet das Fundament und die Basis f\u00fcr alle anderen Bestandteile des Taekwon-Do. In der Grundschule werden Ausweichtechniken, Blocktechniken, Schlagtechniken und Kicktechniken gelehrt.<br \/>\n<\/span><\/p>\n<h3 class=\"cvGsUA direction-ltr align-center para-style-body\"><strong><span class=\"OYPEnA text-decoration-none text-strikethrough-none\">Hyong \ud615 -\u00a0<\/span><span class=\"OYPEnA text-decoration-none text-strikethrough-none\">Formen<\/span><\/strong><\/h3>\n<p><span class=\"OYPEnA\">Hyong\u00a0<\/span><span class=\"OYPEnA\">sind festgelegte Abl\u00e4ufe, bei denen man gegen einen oder mehrere imagin\u00e4re Gegner k\u00e4mpft. Sie dienen als \"Lexikon der Techniken\". Es gibt insgesamt 24 Hyongs, die f\u00fcr die 24 Stunden eines Tages und das Leben eines Menschen im Vergleich zur Ewigkeit stehen.<\/span><\/p>\n<h3 class=\"cvGsUA direction-ltr align-center para-style-body\"><strong>Gyeorugi \uaca8\ub8e8\uae30 -\u00a0<span class=\"OYPEnA text-decoration-none text-strikethrough-none\">\u00dcbungsk\u00e4mpfe<\/span><\/strong><\/h3>\n<p>Sobald der Taekwondoin die relevanten Techniken beherrscht, kann er sich im Wettkampf gegen einen Partner beweisen. Beim Schrittkampf geht es darum, Kontrolle zu bewahren und den Gegner bei Angriffen nicht zu ber\u00fchren.<\/p>\n<p><strong><span class=\"OYPEnA\">Schrittk\u00e4mpfe<\/span><span class=\"OYPEnA\">:<br \/>\n<\/span><\/strong>Ilbo Taeryon (\uc77c\ubcf4 \ub300\ub828) - Einschrittkampf<br \/>\nIbo Taeryon (\uc774\ubcf4 \ub300\ub828) - Zweischrittkampf<br \/>\nSambo Taeryon (\uc0bc\ubcf4 \ub300\ub828) - Dreischrittkampf<\/p>\n<p><strong><span class=\"OYPEnA\">Dynamische K\u00e4mpfe<\/span><span class=\"OYPEnA\">:<br \/>\n<\/span><\/strong>Ja Yu Gyeorugi (\uc790\uc720 \uaca8\ub8e8\uae30) - \u00dcbungskampf<br \/>\nChayu Taeryon (\uc790\uc720\ub300\ub828) - Freikampf<\/p>\n<h3 class=\"cvGsUA direction-ltr align-center para-style-body\"><strong><span class=\"OYPEnA text-decoration-none text-strikethrough-none\">Hosinsul \ud638\uc2e0\uc220 -\u00a0<\/span><span class=\"OYPEnA text-decoration-none text-strikethrough-none\">Selbstverteidigung<\/span><\/strong><\/h3>\n<p><span class=\"OYPEnA\">Hosinsul\u00a0<\/span><span class=\"OYPEnA\">befasst sich mit der effektiven, aber verh\u00e4ltnism\u00e4\u00dfigen Abwehr von Angriffen, sei es mit den H\u00e4nden, den F\u00fc\u00dfen oder Waffen. Im Taekwon-Do werden Schl\u00e4ge, Kicks, W\u00fcrfe, Falltechniken, Bodenkampf und Befreiungstechniken trainiert. Im traditionellen Taekwon-Do werden auch Hebeltechniken gelehrt. Die Abwehr erfolgt immer ohne den Einsatz von Waffen.<\/span><\/p>\n<h3 class=\"cvGsUA direction-ltr align-center para-style-body\"><strong><span class=\"OYPEnA text-decoration-none text-strikethrough-none\">Kyek Pa \uaca9\ud30c -\u00a0<\/span><span class=\"OYPEnA text-decoration-none text-strikethrough-none\">Bruchtest<\/span><\/strong><\/h3>\n<p><span class=\"OYPEnA\">Beim Kyek Pa wird an harten Gegenst\u00e4nden wie Brettern eine lang trainierte Technik schnell und effektiv angewendet, um das Beherrschen der Technik ultimativ zu pr\u00fcfen. Ein Brechen des Holzbrettes ist das Ziel einer Technik, aber die saubere und korrekte Ausf\u00fchrung der Technik ist die Voraussetzung.<\/span><\/p>\n<p>&nbsp;<\/p>\n\t\t\t<\/div>\n\t\t<\/div>\n\t\t\t\t<\/li>\n\t\t<\/ul>\t\t\t\t<ol class=\"sow-slider-pagination\">\n\t\t\t\t\t\t\t\t\t\t\t<li><a href=\"#\" data-goto=\"0\" aria-label=\"Display slide 1\"><\/a><\/li>\n\t\t\t\t\t\t\t\t\t<\/ol>\n\n\t\t\t\t<div class=\"sow-slide-nav sow-slide-nav-next\">\n\t\t\t\t\t<a href=\"#\" data-goto=\"next\" aria-label=\"Next slide\" data-action=\"next\">\n\t\t\t\t\t\t<em class=\"sow-sld-icon-thin-right\"><\/em>\n\t\t\t\t\t<\/a>\n\t\t\t\t<\/div>\n\n\t\t\t\t<div class=\"sow-slide-nav sow-slide-nav-prev\">\n\t\t\t\t\t<a href=\"#\" data-goto=\"previous\" aria-label=\"Previous slide\" data-action=\"prev\">\n\t\t\t\t\t\t<em class=\"sow-sld-icon-thin-left\"><\/em>\n\t\t\t\t\t<\/a>\n\t\t\t\t<\/div>\n\t\t\t\t<\/div><\/div><\/div><\/div><\/div><\/div><\/div>","protected":false},"excerpt":{"rendered":"<p>Gibon Yeonseup \uae30\ubcf8 \uc5f0\uc2b5 &#8211; Grundschule Gibon Yeonseup bildet das Fundament und die Basis f\u00fcr alle anderen Bestandteile des Taekwon-Do. [&hellip;]<\/p>\n","protected":false},"author":2,"featured_media":0,"parent":0,"menu_order":0,"comment_status":"closed","ping_status":"closed","template":"","meta":{"site-sidebar-layout":"default","site-content-layout":"","ast-site-content-layout":"default","site-content-style":"default","site-sidebar-style":"default","ast-global-header-display":"","ast-banner-title-visibility":"","ast-main-header-display":"","ast-hfb-above-header-display":"","ast-hfb-below-header-display":"","ast-hfb-mobile-header-display":"","site-post-title":"","ast-breadcrumbs-content":"","ast-featured-img":"","footer-sml-layout":"","ast-disable-related-posts":"","theme-transparent-header-meta":"","adv-header-id-meta":"","stick-header-meta":"","header-above-stick-meta":"","header-main-stick-meta":"","header-below-stick-meta":"","astra-migrate-meta-layouts":"default","ast-page-background-enabled":"default","ast-page-background-meta":{"desktop":{"background-color":"var(--ast-global-color-4)","background-image":"","background-repeat":"repeat","background-position":"center center","background-size":"auto","background-attachment":"scroll","background-type":"","background-media":"","overlay-type":"","overlay-color":"","overlay-opacity":"","overlay-gradient":""},"tablet":{"background-color":"","background-image":"","background-repeat":"repeat","background-position":"center center","background-size":"auto","background-attachment":"scroll","background-type":"","background-media":"","overlay-type":"","overlay-color":"","overlay-opacity":"","overlay-gradient":""},"mobile":{"background-color":"","background-image":"","background-repeat":"repeat","background-position":"center center","background-size":"auto","background-attachment":"scroll","background-type":"","background-media":"","overlay-type":"","overlay-color":"","overlay-opacity":"","overlay-gradient":""}},"ast-content-background-meta":{"desktop":{"background-color":"var(--ast-global-color-5)","background-image":"","background-repeat":"repeat","background-position":"center center","background-size":"auto","background-attachment":"scroll","background-type":"","background-media":"","overlay-type":"","overlay-color":"","overlay-opacity":"","overlay-gradient":""},"tablet":{"background-color":"var(--ast-global-color-5)","background-image":"","background-repeat":"repeat","background-position":"center center","background-size":"auto","background-attachment":"scroll","background-type":"","background-media":"","overlay-type":"","overlay-color":"","overlay-opacity":"","overlay-gradient":""},"mobile":{"background-color":"var(--ast-global-color-5)","background-image":"","background-repeat":"repeat","background-position":"center center","background-size":"auto","background-attachment":"scroll","background-type":"","background-media":"","overlay-type":"","overlay-color":"","overlay-opacity":"","overlay-gradient":""}},"footnotes":""},"class_list":["post-269","page","type-page","status-publish","hentry"],"_links":{"self":[{"href":"https:\/\/opentkd.org\/index.php?rest_route=\/wp\/v2\/pages\/269","targetHints":{"allow":["GET"]}}],"collection":[{"href":"https:\/\/opentkd.org\/index.php?rest_route=\/wp\/v2\/pages"}],"about":[{"href":"https:\/\/opentkd.org\/index.php?rest_route=\/wp\/v2\/types\/page"}],"author":[{"embeddable":true,"href":"https:\/\/opentkd.org\/index.php?rest_route=\/wp\/v2\/users\/2"}],"replies":[{"embeddable":true,"href":"https:\/\/opentkd.org\/index.php?rest_route=%2Fwp%2Fv2%2Fcomments&post=269"}],"version-history":[{"count":2,"href":"https:\/\/opentkd.org\/index.php?rest_route=\/wp\/v2\/pages\/269\/revisions"}],"predecessor-version":[{"id":272,"href":"https:\/\/opentkd.org\/index.php?rest_route=\/wp\/v2\/pages\/269\/revisions\/272"}],"wp:attachment":[{"href":"https:\/\/opentkd.org\/index.php?rest_route=%2Fwp%2Fv2%2Fmedia&parent=269"}],"curies":[{"name":"wp","href":"https:\/\/api.w.org\/{rel}","templated":true}]}}