{"id":274,"date":"2024-05-12T13:18:37","date_gmt":"2024-05-12T12:18:37","guid":{"rendered":"https:\/\/opentkd.org\/?page_id=274"},"modified":"2024-05-12T13:23:32","modified_gmt":"2024-05-12T12:23:32","slug":"unsere-arbeit-internationale-taekwon-do-friedensbewegung","status":"publish","type":"page","link":"https:\/\/opentkd.org\/?page_id=274","title":{"rendered":"Unsere Arbeit:"},"content":{"rendered":"<div id=\"pl-gb274-69fdd6e23365c\"  class=\"panel-layout\" ><div id=\"pg-gb274-69fdd6e23365c-0\"  class=\"panel-grid panel-no-style\" ><div id=\"pgc-gb274-69fdd6e23365c-0-0\"  class=\"panel-grid-cell\" ><div id=\"panel-gb274-69fdd6e23365c-0-0-0\" class=\"so-panel widget widget_sow-editor panel-first-child panel-last-child\" data-index=\"0\" ><div\n\t\t\t\n\t\t\tclass=\"so-widget-sow-editor so-widget-sow-editor-base\"\n\t\t\t\n\t\t><h3 class=\"widget-title\">OpenTKD &#8211; Die Internationale Friedensbewegung.<\/h3>\n<div class=\"siteorigin-widget-tinymce textwidget\">\n\t<h1>\ud3c9\ud654 &#8211; pyeonghwa &#8211; Frieden.<\/h1>\n<p><strong>Willkommen auf OpenTKD! Unsere Mission ist es, durch die Werte und Prinzipien des Taekwon-Do einen Beitrag zu einer friedlicheren Welt zu leisten.<\/strong><\/p>\n<h4><strong>\u00dcber uns<\/strong><\/h4>\n<p>Die Internationale Taekwon-Do Friedensbewegung wurde mit dem Ziel gegr\u00fcndet, den Geist des Taekwon-Do zu nutzen, um Frieden und Harmonie in unserer Gesellschaft zu f\u00f6rdern. Taekwon-Do ist mehr als nur eine Kampfkunst \u2013 es ist ein Lebensweg, der Respekt, Disziplin, Integrit\u00e4t und den unerm\u00fcdlichen Einsatz f\u00fcr das Wohl der Gemeinschaft lehrt.<\/p>\n<h4><strong>Unsere Vision<\/strong><\/h4>\n<p>Wir tr\u00e4umen von einer Welt, in der Konflikte friedlich gel\u00f6st werden, in der Menschen unterschiedlicher Herkunft in Harmonie zusammenleben und in der jeder Einzelne seinen Beitrag zu einer gerechten und friedlichen Gesellschaft leistet.<br \/>\nMit den Prinzipien des Taekwon-Do als Leitfaden <strong>streben wir danach<\/strong>, diesen Traum Wirklichkeit werden zu lassen.<\/p>\n<h4><strong>Unsere Aktivit\u00e4ten<\/strong><\/h4>\n<ul>\n<li><strong>Trainingsprogramme<\/strong>: Wir bieten spezielle Trainingsprogramme an, die nicht nur k\u00f6rperliche Fitness und Selbstverteidigungstechniken vermitteln, sondern auch die Werte des Respekts, der Selbstdisziplin und der Integrit\u00e4t f\u00f6rdern.<\/li>\n<li><strong>Friedensworkshops<\/strong>: In unseren Workshops diskutieren wir Strategien und Techniken zur Konfliktl\u00f6sung und friedlichen Kommunikation.<\/li>\n<li><strong>Gemeinschaftsprojekte<\/strong>: Wir organisieren und unterst\u00fctzen Projekte, die das Gemeinschaftsgef\u00fchl st\u00e4rken und den sozialen Zusammenhalt f\u00f6rdern.<\/li>\n<\/ul>\n<h4><strong>Mach mit!<\/strong><\/h4>\n<p>Jeder, der unsere Vision teilt, ist herzlich eingeladen, Teil der Internationalen Taekwon-Do Friedensbewegung zu werden. Ob als aktiver Teilnehmer in unseren Trainingsprogrammen und Workshops oder als Unterst\u00fctzer unserer Projekte \u2013 Dein Beitrag ist wertvoll.<\/p>\n<p>Lasst uns gemeinsam durch Taekwon-Do die Welt ein St\u00fcck friedlicher machen!<\/p>\n<h4>Hyong, die traditionell f\u00fcr den Frieden steht<\/h4>\n<p>Im Taekwon-Do gibt es keine Hyong (Form), die explizit f\u00fcr den Frieden steht. Allerdings wird die Form &#8222;Hwa-Rang&#8220; oft mit positiven Werten wie Mut, Loyalit\u00e4t und Ehre in Verbindung gebracht, die alle zur Schaffung von Frieden beitragen. Die Hwa-Rang-Form wurde nach der Hwa-Rang-Do, einer Jugendgruppe aus dem alten Korea, benannt, die f\u00fcr ihre Tugendhaftigkeit und ihren Einfluss auf die koreanische Geschichte bekannt ist.<\/p>\n<h4><strong>Kontakt<\/strong><\/h4>\n<p>F\u00fcr weitere Informationen und um Teil unserer Bewegung zu werden, besuche die Website von OpenTKD regelm\u00e4\u00dfig. Wir posten regelm\u00e4\u00dfig Updates.<\/p>\n<\/div>\n<\/div><\/div><\/div><\/div><\/div>","protected":false},"excerpt":{"rendered":"<p>\ud3c9\ud654 &#8211; pyeonghwa &#8211; Frieden. Willkommen auf OpenTKD! Unsere Mission ist es, durch die Werte und Prinzipien des Taekwon-Do einen [&hellip;]<\/p>\n","protected":false},"author":2,"featured_media":0,"parent":0,"menu_order":0,"comment_status":"closed","ping_status":"closed","template":"","meta":{"site-sidebar-layout":"default","site-content-layout":"","ast-site-content-layout":"default","site-content-style":"default","site-sidebar-style":"default","ast-global-header-display":"","ast-banner-title-visibility":"","ast-main-header-display":"","ast-hfb-above-header-display":"","ast-hfb-below-header-display":"","ast-hfb-mobile-header-display":"","site-post-title":"","ast-breadcrumbs-content":"","ast-featured-img":"","footer-sml-layout":"","ast-disable-related-posts":"","theme-transparent-header-meta":"","adv-header-id-meta":"","stick-header-meta":"","header-above-stick-meta":"","header-main-stick-meta":"","header-below-stick-meta":"","astra-migrate-meta-layouts":"default","ast-page-background-enabled":"default","ast-page-background-meta":{"desktop":{"background-color":"var(--ast-global-color-4)","background-image":"","background-repeat":"repeat","background-position":"center center","background-size":"auto","background-attachment":"scroll","background-type":"","background-media":"","overlay-type":"","overlay-color":"","overlay-opacity":"","overlay-gradient":""},"tablet":{"background-color":"","background-image":"","background-repeat":"repeat","background-position":"center center","background-size":"auto","background-attachment":"scroll","background-type":"","background-media":"","overlay-type":"","overlay-color":"","overlay-opacity":"","overlay-gradient":""},"mobile":{"background-color":"","background-image":"","background-repeat":"repeat","background-position":"center center","background-size":"auto","background-attachment":"scroll","background-type":"","background-media":"","overlay-type":"","overlay-color":"","overlay-opacity":"","overlay-gradient":""}},"ast-content-background-meta":{"desktop":{"background-color":"var(--ast-global-color-5)","background-image":"","background-repeat":"repeat","background-position":"center center","background-size":"auto","background-attachment":"scroll","background-type":"","background-media":"","overlay-type":"","overlay-color":"","overlay-opacity":"","overlay-gradient":""},"tablet":{"background-color":"var(--ast-global-color-5)","background-image":"","background-repeat":"repeat","background-position":"center center","background-size":"auto","background-attachment":"scroll","background-type":"","background-media":"","overlay-type":"","overlay-color":"","overlay-opacity":"","overlay-gradient":""},"mobile":{"background-color":"var(--ast-global-color-5)","background-image":"","background-repeat":"repeat","background-position":"center center","background-size":"auto","background-attachment":"scroll","background-type":"","background-media":"","overlay-type":"","overlay-color":"","overlay-opacity":"","overlay-gradient":""}},"footnotes":""},"class_list":["post-274","page","type-page","status-publish","hentry"],"_links":{"self":[{"href":"https:\/\/opentkd.org\/index.php?rest_route=\/wp\/v2\/pages\/274","targetHints":{"allow":["GET"]}}],"collection":[{"href":"https:\/\/opentkd.org\/index.php?rest_route=\/wp\/v2\/pages"}],"about":[{"href":"https:\/\/opentkd.org\/index.php?rest_route=\/wp\/v2\/types\/page"}],"author":[{"embeddable":true,"href":"https:\/\/opentkd.org\/index.php?rest_route=\/wp\/v2\/users\/2"}],"replies":[{"embeddable":true,"href":"https:\/\/opentkd.org\/index.php?rest_route=%2Fwp%2Fv2%2Fcomments&post=274"}],"version-history":[{"count":2,"href":"https:\/\/opentkd.org\/index.php?rest_route=\/wp\/v2\/pages\/274\/revisions"}],"predecessor-version":[{"id":349,"href":"https:\/\/opentkd.org\/index.php?rest_route=\/wp\/v2\/pages\/274\/revisions\/349"}],"wp:attachment":[{"href":"https:\/\/opentkd.org\/index.php?rest_route=%2Fwp%2Fv2%2Fmedia&parent=274"}],"curies":[{"name":"wp","href":"https:\/\/api.w.org\/{rel}","templated":true}]}}